{"id":87821,"date":"2023-05-16T12:03:40","date_gmt":"2023-05-16T14:03:40","guid":{"rendered":"https:\/\/designxt.ecole-intuit-lab.com\/?page_id=87821"},"modified":"2025-06-03T05:21:23","modified_gmt":"2025-06-03T07:21:23","slug":"connexion","status":"publish","type":"page","link":"https:\/\/designxt.ecole-intuit-lab.com\/en\/connexion","title":{"rendered":"Connexion"},"content":{"rendered":"<div class=\"wpb-content-wrapper\"><div data-parent=\"true\" class=\"vc_row style-back_color-104224-bg row-container\" id=\"row-unique-0\"><div class=\"row limit-width row-parent\"><div class=\"wpb_row row-inner\"><div class=\"wpb_column pos-top pos-center align_left column_parent col-lg-12 single-internal-gutter\"><div class=\"uncol style-light\"  ><div class=\"uncoltable\"><div class=\"uncell no-block-padding\" ><div class=\"uncont\" ><div class=\"uncode-single-media  text-center\"><div class=\"single-wrapper\" style=\"max-width: 200px;\"><a class=\"single-media-link\" href=\"\/en\/\"><div class=\"tmb tmb-light  tmb-media-first tmb-media-last tmb-content-overlay tmb-no-bg\"><div class=\"t-inside\"><div class=\"t-entry-visual\"><div class=\"t-entry-visual-tc\"><div class=\"uncode-single-media-wrapper\"><img fetchpriority=\"high\" decoding=\"async\" class=\"wp-image-87657\" src=\"https:\/\/designxt.ecole-intuit-lab.com\/wp-content\/uploads\/2022\/06\/DesigNXT-WEB-bloclogoEIL.jpg\" width=\"1080\" height=\"1080\" alt=\"ecole intuit lab\" srcset=\"https:\/\/designxt.ecole-intuit-lab.com\/wp-content\/uploads\/2022\/06\/DesigNXT-WEB-bloclogoEIL.jpg 1080w, https:\/\/designxt.ecole-intuit-lab.com\/wp-content\/uploads\/2022\/06\/DesigNXT-WEB-bloclogoEIL-300x300.jpg 300w, https:\/\/designxt.ecole-intuit-lab.com\/wp-content\/uploads\/2022\/06\/DesigNXT-WEB-bloclogoEIL-1024x1024.jpg 1024w, https:\/\/designxt.ecole-intuit-lab.com\/wp-content\/uploads\/2022\/06\/DesigNXT-WEB-bloclogoEIL-150x150.jpg 150w, https:\/\/designxt.ecole-intuit-lab.com\/wp-content\/uploads\/2022\/06\/DesigNXT-WEB-bloclogoEIL-768x768.jpg 768w\" sizes=\"(max-width: 1080px) 100vw, 1080px\" \/><\/div>\n\t\t\t\t\t<\/div>\n\t\t\t\t<\/div><\/div><\/div><\/a><\/div><\/div><div class=\"uncode_text_column\" >\n<div class=\"um um-login um-87808\">\n\t<div class=\"um-form\">\n\t\t<form method=\"post\" action=\"\" autocomplete=\"off\" data-trp-original-action=\"\">\n\t\t\t<div class=\"um-row _um_row_1\" style=\"margin: 0 0 30px 0;\"><div class=\"um-col-1\"><div  id=\"um_field_87808_username\" class=\"um-field um-field-text  um-field-username um-field-text um-field-type_text\" data-key=\"username\"><div class=\"um-field-label\"><label for=\"username-87808\">Email*<\/label><div class=\"um-clear\"><\/div><\/div><div class=\"um-field-area\"><input  autocomplete=\"off\" class=\"um-form-field valid\" type=\"text\" name=\"username-87808\" id=\"username-87808\" value=\"\" placeholder=\"Email\" data-validate=\"unique_username_or_email\" data-key=\"username\"  aria-invalid=\"false\" \/>\n\n\t\t\t\t\t\t<\/div><\/div><div  id=\"um_field_87808_user_password\" class=\"um-field um-field-password  um-field-user_password um-field-password um-field-type_password\" data-key=\"user_password\"><div class=\"um-field-label\"><label for=\"user_password-87808\">Password<\/label><div class=\"um-clear\"><\/div><\/div><div class=\"um-field-area\"><input class=\"um-form-field valid\" type=\"password\" name=\"user_password-87808\" id=\"user_password-87808\" value=\"\" placeholder=\"Password\" data-validate=\"\" data-key=\"user_password\"  aria-invalid=\"false\" \/>\n\n\t\t\t\t\t\t\t<\/div><\/div><\/div><\/div>\t<input type=\"hidden\" name=\"form_id\" id=\"form_id_87808\" value=\"87808\" \/>\n\t\t<p class=\"um_request_name\">\n\t\t<label for=\"um_request_87808\">Only fill in if you are not human<\/label>\n\t\t<input type=\"hidden\" name=\"um_request\" id=\"um_request_87808\" class=\"input\" value=\"\" size=\"25\" autocomplete=\"off\" \/>\n\t<\/p>\n\t<input type=\"hidden\" name=\"redirect_to\" id=\"redirect_to\" value=\"https:\/\/designxt.ecole-intuit-lab.com\/bienvenue-sur-votre-compte\" \/><input type=\"hidden\" id=\"_wpnonce\" name=\"_wpnonce\" value=\"3637d2f028\" \/><input type=\"hidden\" name=\"_wp_http_referer\" value=\"\/en\/wp-json\/wp\/v2\/pages\/87821\" \/>\n\t<div class=\"um-col-alt\">\n\n\t\t\n\n\t\t\t<div class=\"um-field um-field-c\">\n\t\t\t\t<div class=\"um-field-area\">\n\t\t\t\t\t<label class=\"um-field-checkbox\">\n\t\t\t\t\t\t<input type=\"checkbox\" name=\"rememberme\" value=\"1\"  \/>\n\t\t\t\t\t\t<span class=\"um-field-checkbox-state\"><i class=\"um-icon-android-checkbox-outline-blank\"><\/i><\/span>\n\t\t\t\t\t\t<span class=\"um-field-checkbox-option\"> Keep me signed in<\/span>\n\t\t\t\t\t<\/label>\n\t\t\t\t<\/div>\n\t\t\t<\/div>\n\n\t\t\t\t\t\t<div class=\"um-clear\"><\/div>\n\t\t\n\t\t\t<div class=\"um-center\">\n\t\t\t\t<input type=\"submit\" value=\"Connexion\" class=\"um-button\" id=\"um-submit-btn\" \/>\n\t\t\t<\/div>\n\n\t\t\n\t\t<div class=\"um-clear\"><\/div>\n\n\t<\/div>\n\n\t\n\t<div class=\"um-col-alt-b\">\n\t\t<a href=\"https:\/\/designxt.ecole-intuit-lab.com\/en\/reinitialisation-du-mot-de-passe\" class=\"um-link-alt\">\n\t\t\tForgot your password?\t\t<\/a>\n\t<\/div>\n\n\t\t\t<input type=\"hidden\" name=\"trp-form-language\" value=\"en\"\/><\/form>\n\t<\/div>\n<\/div>\n<style>\n\t\t\t.um-87808.um {\n\t\t\tmax-width: 450px;\n\t\t}\n\t\t<\/style>\n\n<\/div><\/div><\/div><\/div><\/div><\/div><script id=\"script-row-unique-0\" data-row=\"script-row-unique-0\" type=\"text\/javascript\" class=\"vc_controls\">UNCODE.initRow(document.getElementById(\"row-unique-0\"));<\/script><\/div><\/div><\/div>\n<\/div>","protected":false},"excerpt":{"rendered":"Email* Mot de passe Only fill in if you are not human Keep me signed in Forgot your password?","protected":false},"author":18,"featured_media":0,"parent":0,"menu_order":0,"comment_status":"closed","ping_status":"closed","template":"","meta":{"_acf_changed":false,"footnotes":""},"class_list":["post-87821","page","type-page","status-publish","hentry"],"acf":[],"yoast_head":"<!-- This site is optimized with the Yoast SEO plugin v27.3 - https:\/\/yoast.com\/product\/yoast-seo-wordpress\/ -->\n<title>Connexion - Ecole Intuit Lab DesigNXT<\/title>\n<meta name=\"description\" content=\"DesigNXT c\u2019est l\u2019opportunit\u00e9 de trouver l\u2019apprenti.e DA id\u00e9al.e qui rejoindra votre \u00e9quipe cr\u00e9ative.Cet \u00e9v\u00e9nement vous permettra de d\u00e9couvrir les r\u00e9alisations et les portfolio et de rencontrer chacun des 70 \u00e9tudiants pour s\u00e9lectionner le ou la DA junior en alternance dont vous avez besoin en septembre prochain.\" \/>\n<meta name=\"robots\" content=\"index, follow, max-snippet:-1, max-image-preview:large, max-video-preview:-1\" \/>\n<link rel=\"canonical\" href=\"https:\/\/designxt.ecole-intuit-lab.com\/en\/connexion\/\" \/>\n<meta property=\"og:locale\" content=\"en_GB\" \/>\n<meta property=\"og:type\" content=\"article\" \/>\n<meta property=\"og:title\" content=\"Connexion - Ecole Intuit Lab DesigNXT\" \/>\n<meta property=\"og:description\" content=\"DesigNXT c\u2019est l\u2019opportunit\u00e9 de trouver l\u2019apprenti.e DA id\u00e9al.e qui rejoindra votre \u00e9quipe cr\u00e9ative.Cet \u00e9v\u00e9nement vous permettra de d\u00e9couvrir les r\u00e9alisations et les portfolio et de rencontrer chacun des 70 \u00e9tudiants pour s\u00e9lectionner le ou la DA junior en alternance dont vous avez besoin en septembre prochain.\" \/>\n<meta property=\"og:url\" content=\"https:\/\/designxt.ecole-intuit-lab.com\/en\/connexion\/\" \/>\n<meta property=\"og:site_name\" content=\"Ecole Intuit Lab DesigNXT\" \/>\n<meta property=\"article:publisher\" content=\"https:\/\/www.facebook.com\/intuitlabparis\" \/>\n<meta property=\"article:modified_time\" content=\"2025-06-03T07:21:23+00:00\" \/>\n<meta property=\"og:image\" content=\"https:\/\/designxt.ecole-intuit-lab.com\/wp-content\/uploads\/2022\/06\/DesigNXT-WEB-bloc-logoDNXT-1.jpg\" \/>\n\t<meta property=\"og:image:width\" content=\"1080\" \/>\n\t<meta property=\"og:image:height\" content=\"1080\" \/>\n\t<meta property=\"og:image:type\" content=\"image\/jpeg\" \/>\n<meta name=\"twitter:card\" content=\"summary_large_image\" \/>\n<script type=\"application\/ld+json\" class=\"yoast-schema-graph\">{\"@context\":\"https:\\\/\\\/schema.org\",\"@graph\":[{\"@type\":\"WebPage\",\"@id\":\"https:\\\/\\\/designxt.ecole-intuit-lab.com\\\/connexion\",\"url\":\"https:\\\/\\\/designxt.ecole-intuit-lab.com\\\/connexion\",\"name\":\"Connexion - Ecole Intuit Lab DesigNXT\",\"isPartOf\":{\"@id\":\"https:\\\/\\\/designxt.ecole-intuit-lab.com\\\/#website\"},\"datePublished\":\"2023-05-16T14:03:40+00:00\",\"dateModified\":\"2025-06-03T07:21:23+00:00\",\"description\":\"DesigNXT c\u2019est l\u2019opportunit\u00e9 de trouver l\u2019apprenti.e DA id\u00e9al.e qui rejoindra votre \u00e9quipe cr\u00e9ative.Cet \u00e9v\u00e9nement vous permettra de d\u00e9couvrir les r\u00e9alisations et les portfolio et de rencontrer chacun des 70 \u00e9tudiants pour s\u00e9lectionner le ou la DA junior en alternance dont vous avez besoin en septembre prochain.\",\"breadcrumb\":{\"@id\":\"https:\\\/\\\/designxt.ecole-intuit-lab.com\\\/connexion#breadcrumb\"},\"inLanguage\":\"en-GB\",\"potentialAction\":[{\"@type\":\"ReadAction\",\"target\":[\"https:\\\/\\\/designxt.ecole-intuit-lab.com\\\/connexion\"]}]},{\"@type\":\"BreadcrumbList\",\"@id\":\"https:\\\/\\\/designxt.ecole-intuit-lab.com\\\/connexion#breadcrumb\",\"itemListElement\":[{\"@type\":\"ListItem\",\"position\":1,\"name\":\"Home\",\"item\":\"https:\\\/\\\/designxt.ecole-intuit-lab.com\\\/\"},{\"@type\":\"ListItem\",\"position\":2,\"name\":\"Connexion\"}]},{\"@type\":\"WebSite\",\"@id\":\"https:\\\/\\\/designxt.ecole-intuit-lab.com\\\/#website\",\"url\":\"https:\\\/\\\/designxt.ecole-intuit-lab.com\\\/\",\"name\":\"Ecole Intuit Lab DesigNXT\",\"description\":\"7 &amp; 8 juin 22, rencontrez votre apprenti DA junior de l&#039;\u00e9cole intuit lab, speedcreative dating de 70 \u00e9tudiants en fin de Mast\u00e8re 1\",\"publisher\":{\"@id\":\"https:\\\/\\\/designxt.ecole-intuit-lab.com\\\/#organization\"},\"potentialAction\":[{\"@type\":\"SearchAction\",\"target\":{\"@type\":\"EntryPoint\",\"urlTemplate\":\"https:\\\/\\\/designxt.ecole-intuit-lab.com\\\/?s={search_term_string}\"},\"query-input\":{\"@type\":\"PropertyValueSpecification\",\"valueRequired\":true,\"valueName\":\"search_term_string\"}}],\"inLanguage\":\"en-GB\"},{\"@type\":\"Organization\",\"@id\":\"https:\\\/\\\/designxt.ecole-intuit-lab.com\\\/#organization\",\"name\":\"designxt ecole intuit lab\",\"url\":\"https:\\\/\\\/designxt.ecole-intuit-lab.com\\\/\",\"logo\":{\"@type\":\"ImageObject\",\"inLanguage\":\"en-GB\",\"@id\":\"https:\\\/\\\/designxt.ecole-intuit-lab.com\\\/#\\\/schema\\\/logo\\\/image\\\/\",\"url\":\"https:\\\/\\\/designxt.ecole-intuit-lab.com\\\/wp-content\\\/uploads\\\/2023\\\/06\\\/Fichier-6@4x.png\",\"contentUrl\":\"https:\\\/\\\/designxt.ecole-intuit-lab.com\\\/wp-content\\\/uploads\\\/2023\\\/06\\\/Fichier-6@4x.png\",\"width\":190,\"height\":190,\"caption\":\"designxt ecole intuit lab\"},\"image\":{\"@id\":\"https:\\\/\\\/designxt.ecole-intuit-lab.com\\\/#\\\/schema\\\/logo\\\/image\\\/\"},\"sameAs\":[\"https:\\\/\\\/www.facebook.com\\\/intuitlabparis\",\"https:\\\/\\\/www.instagram.com\\\/intuitlab.france\\\/\",\"https:\\\/\\\/www.youtube.com\\\/c\\\/coleIntuitLabFrance\"]}]}<\/script>\n<!-- \/ Yoast SEO plugin. -->","yoast_head_json":{"title":"Connexion - Ecole Intuit Lab DesigNXT","description":"DesigNXT c\u2019est l\u2019opportunit\u00e9 de trouver l\u2019apprenti.e DA id\u00e9al.e qui rejoindra votre \u00e9quipe cr\u00e9ative.Cet \u00e9v\u00e9nement vous permettra de d\u00e9couvrir les r\u00e9alisations et les portfolio et de rencontrer chacun des 70 \u00e9tudiants pour s\u00e9lectionner le ou la DA junior en alternance dont vous avez besoin en septembre prochain.","robots":{"index":"index","follow":"follow","max-snippet":"max-snippet:-1","max-image-preview":"max-image-preview:large","max-video-preview":"max-video-preview:-1"},"canonical":"https:\/\/designxt.ecole-intuit-lab.com\/en\/connexion\/","og_locale":"en_GB","og_type":"article","og_title":"Connexion - Ecole Intuit Lab DesigNXT","og_description":"DesigNXT c\u2019est l\u2019opportunit\u00e9 de trouver l\u2019apprenti.e DA id\u00e9al.e qui rejoindra votre \u00e9quipe cr\u00e9ative.Cet \u00e9v\u00e9nement vous permettra de d\u00e9couvrir les r\u00e9alisations et les portfolio et de rencontrer chacun des 70 \u00e9tudiants pour s\u00e9lectionner le ou la DA junior en alternance dont vous avez besoin en septembre prochain.","og_url":"https:\/\/designxt.ecole-intuit-lab.com\/en\/connexion\/","og_site_name":"Ecole Intuit Lab DesigNXT","article_publisher":"https:\/\/www.facebook.com\/intuitlabparis","article_modified_time":"2025-06-03T07:21:23+00:00","og_image":[{"width":1080,"height":1080,"url":"https:\/\/designxt.ecole-intuit-lab.com\/wp-content\/uploads\/2022\/06\/DesigNXT-WEB-bloc-logoDNXT-1.jpg","type":"image\/jpeg"}],"twitter_card":"summary_large_image","schema":{"@context":"https:\/\/schema.org","@graph":[{"@type":"WebPage","@id":"https:\/\/designxt.ecole-intuit-lab.com\/connexion","url":"https:\/\/designxt.ecole-intuit-lab.com\/connexion","name":"Connexion - Ecole Intuit Lab DesigNXT","isPartOf":{"@id":"https:\/\/designxt.ecole-intuit-lab.com\/#website"},"datePublished":"2023-05-16T14:03:40+00:00","dateModified":"2025-06-03T07:21:23+00:00","description":"DesigNXT c\u2019est l\u2019opportunit\u00e9 de trouver l\u2019apprenti.e DA id\u00e9al.e qui rejoindra votre \u00e9quipe cr\u00e9ative.Cet \u00e9v\u00e9nement vous permettra de d\u00e9couvrir les r\u00e9alisations et les portfolio et de rencontrer chacun des 70 \u00e9tudiants pour s\u00e9lectionner le ou la DA junior en alternance dont vous avez besoin en septembre prochain.","breadcrumb":{"@id":"https:\/\/designxt.ecole-intuit-lab.com\/connexion#breadcrumb"},"inLanguage":"en-GB","potentialAction":[{"@type":"ReadAction","target":["https:\/\/designxt.ecole-intuit-lab.com\/connexion"]}]},{"@type":"BreadcrumbList","@id":"https:\/\/designxt.ecole-intuit-lab.com\/connexion#breadcrumb","itemListElement":[{"@type":"ListItem","position":1,"name":"Home","item":"https:\/\/designxt.ecole-intuit-lab.com\/"},{"@type":"ListItem","position":2,"name":"Connexion"}]},{"@type":"WebSite","@id":"https:\/\/designxt.ecole-intuit-lab.com\/#website","url":"https:\/\/designxt.ecole-intuit-lab.com\/","name":"Ecole Intuit Lab DesigNXT","description":"7 &amp; 8 juin 22, rencontrez votre apprenti DA junior de l&#039;\u00e9cole intuit lab, speedcreative dating de 70 \u00e9tudiants en fin de Mast\u00e8re 1","publisher":{"@id":"https:\/\/designxt.ecole-intuit-lab.com\/#organization"},"potentialAction":[{"@type":"SearchAction","target":{"@type":"EntryPoint","urlTemplate":"https:\/\/designxt.ecole-intuit-lab.com\/?s={search_term_string}"},"query-input":{"@type":"PropertyValueSpecification","valueRequired":true,"valueName":"search_term_string"}}],"inLanguage":"en-GB"},{"@type":"Organization","@id":"https:\/\/designxt.ecole-intuit-lab.com\/#organization","name":"designxt ecole intuit lab","url":"https:\/\/designxt.ecole-intuit-lab.com\/","logo":{"@type":"ImageObject","inLanguage":"en-GB","@id":"https:\/\/designxt.ecole-intuit-lab.com\/#\/schema\/logo\/image\/","url":"https:\/\/designxt.ecole-intuit-lab.com\/wp-content\/uploads\/2023\/06\/Fichier-6@4x.png","contentUrl":"https:\/\/designxt.ecole-intuit-lab.com\/wp-content\/uploads\/2023\/06\/Fichier-6@4x.png","width":190,"height":190,"caption":"designxt ecole intuit lab"},"image":{"@id":"https:\/\/designxt.ecole-intuit-lab.com\/#\/schema\/logo\/image\/"},"sameAs":["https:\/\/www.facebook.com\/intuitlabparis","https:\/\/www.instagram.com\/intuitlab.france\/","https:\/\/www.youtube.com\/c\/coleIntuitLabFrance"]}]}},"_links":{"self":[{"href":"https:\/\/designxt.ecole-intuit-lab.com\/en\/wp-json\/wp\/v2\/pages\/87821","targetHints":{"allow":["GET"]}}],"collection":[{"href":"https:\/\/designxt.ecole-intuit-lab.com\/en\/wp-json\/wp\/v2\/pages"}],"about":[{"href":"https:\/\/designxt.ecole-intuit-lab.com\/en\/wp-json\/wp\/v2\/types\/page"}],"author":[{"embeddable":true,"href":"https:\/\/designxt.ecole-intuit-lab.com\/en\/wp-json\/wp\/v2\/users\/18"}],"replies":[{"embeddable":true,"href":"https:\/\/designxt.ecole-intuit-lab.com\/en\/wp-json\/wp\/v2\/comments?post=87821"}],"version-history":[{"count":3,"href":"https:\/\/designxt.ecole-intuit-lab.com\/en\/wp-json\/wp\/v2\/pages\/87821\/revisions"}],"predecessor-version":[{"id":101505,"href":"https:\/\/designxt.ecole-intuit-lab.com\/en\/wp-json\/wp\/v2\/pages\/87821\/revisions\/101505"}],"wp:attachment":[{"href":"https:\/\/designxt.ecole-intuit-lab.com\/en\/wp-json\/wp\/v2\/media?parent=87821"}],"curies":[{"name":"wp","href":"https:\/\/api.w.org\/{rel}","templated":true}]}}