{"id":90182,"date":"2023-12-15T12:18:33","date_gmt":"2023-12-15T14:18:33","guid":{"rendered":"https:\/\/designxt.ecole-intuit-lab.com\/?page_id=90182"},"modified":"2023-12-15T13:24:13","modified_gmt":"2023-12-15T15:24:13","slug":"compte","status":"publish","type":"page","link":"https:\/\/designxt.ecole-intuit-lab.com\/en\/compte","title":{"rendered":"Compte"},"content":{"rendered":"<div class=\"um um-profile um-87809 um-role-\">\n\t<div class=\"um-form\" data-mode=\"profile\" data-form_id=\"87809\">\n\t\t\t<div class=\"um-cover\"\n\t\tdata-user_id=\"0\" data-ratio=\"2.7:1\">\n\t\t\n\t\t\t<div class=\"um-dropdown\" data-element=\"div.um-cover\" data-position=\"bc\" data-trigger=\"click\">\n\t\t\t\t<div class=\"um-dropdown-b\">\n\t\t\t\t\t<div class=\"um-dropdown-arr\"><i class=\"\"><\/i><\/div>\n\t\t\t\t\t<ul>\n\t\t\t\t\t\t\t\t\t\t\t\t\t<li><a href=\"javascript:void(0);\" class=\"um-manual-trigger\" data-parent=\".um-cover\" data-child=\".um-btn-auto-width\">Upload a cover photo<\/a><\/li>\n\t\t\t\t\t\t\t\t\t\t\t\t\t<li><a href=\"javascript:void(0);\" class=\"um-dropdown-hide\">Cancel<\/a><\/li>\n\t\t\t\t\t\t\t\t\t\t\t<\/ul>\n\t\t\t\t<\/div>\n\t\t\t<\/div>\n\n\t\t\t<div style=\"display: none !important;\"><div  id=\"um_field_87809_cover_photo\" class=\"um-field um-field-image  um-field-cover_photo um-field-image um-field-type_image\" data-key=\"cover_photo\" data-mode=\"\" data-upload-label=\"Upload\"><input type=\"hidden\" name=\"cover_photo\" id=\"cover_photo\" value=\"\"  aria-invalid=\"false\" \/><div class=\"um-field-label\"><label for=\"cover_photo\">Change your cover photo<\/label><div class=\"um-clear\"><\/div><\/div><div class=\"um-field-area\" style=\"text-align: center;\"><div class=\"um-single-image-preview crop\" data-crop=\"cover\" data-key=\"cover_photo\"><a href=\"javascript:void(0);\" class=\"cancel\"><i class=\"um-icon-close\"><\/i><\/a><img decoding=\"async\" class=\"fusion-lazyload-ignore\" src=\"\" alt=\"\" \/><div class=\"um-clear\"><\/div><\/div><a href=\"javascript:void(0);\" data-modal=\"um_upload_single\" data-modal-size=\"large\" data-modal-copy=\"1\" class=\"um-button um-btn-auto-width\">Upload<\/a><\/div><div class=\"um-modal-hidden-content\"><div class=\"um-modal-header\"> Change your cover photo<\/div><div class=\"um-modal-body\"><div class=\"um-single-image-preview crop\"  data-crop=\"cover\" data-ratio=\"2.7\" data-min_width=\"1600\" data-min_height=\"\" data-coord=\"\"><a href=\"javascript:void(0);\" class=\"cancel\"><i class=\"um-icon-close\"><\/i><\/a><img decoding=\"async\" class=\"fusion-lazyload-ignore\" src=\"\" alt=\"\" \/><div class=\"um-clear\"><\/div><\/div><div class=\"um-clear\"><\/div><div class=\"um-single-image-upload\" data-user_id=\"\" data-nonce=\"e710d0d34e\" data-timestamp=\"1777717333\"  data-set_id=\"87809\" data-set_mode=\"\" data-type=\"image\" data-key=\"cover_photo\" data-max_size=\"999999999\" data-max_size_error=\"This image is too large!\" data-min_size_error=\"This image is too small!\" data-extension_error=\"Sorry this is not a valid image.\"  data-allowed_types=\"gif,jpg,jpeg,png,webp\" data-upload_text=\"Upload profile cover here&lt;small class=&quot;um-max-filesize&quot;&gt;( max: &lt;span&gt;953.7MB&lt;\/span&gt; )&lt;\/small&gt;\" data-max_files_error=\"You can only upload one image\" data-upload_help_text=\"\">Upload<\/div><div class=\"um-modal-footer\">\n\t\t\t\t\t\t\t\t\t<div class=\"um-modal-right\">\n\t\t\t\t\t\t\t\t\t\t<a href=\"javascript:void(0);\" class=\"um-modal-btn um-finish-upload image disabled\" data-key=\"cover_photo\" data-change=\"Change photo\" data-processing=\"Processing...\">Apply<\/a>\n\t\t\t\t\t\t\t\t\t\t<a href=\"javascript:void(0);\" class=\"um-modal-btn alt\" data-action=\"um_remove_modal\"> Cancel<\/a>\n\t\t\t\t\t\t\t\t\t<\/div>\n\t\t\t\t\t\t\t\t\t<div class=\"um-clear\"><\/div>\n\t\t\t\t\t\t\t\t<\/div><\/div><\/div><\/div><\/div>\t\t<div class=\"um-cover-e\" data-ratio=\"2.7:1\">\n\t\t\t\t\t\t\t<a href=\"javascript:void(0);\" class=\"um-cover-add\"><span class=\"um-cover-add-i\"><i\n\t\t\t\t\tclass=\"um-icon-plus um-tip-n\"\n\t\t\t\t\ttitle=\"Upload a cover photo\"><\/i><\/span><\/a>\n\t\t\t\t\t\t<\/div>\n\t\t\t<\/div>\n\t\n\t<div class=\"um-header\">\n\n\t\t\n\t\t<div class=\"um-profile-photo\" data-user_id=\"0\"  aria-invalid=\"false\" >\n\n\t\t\t<a href=\"\" class=\"um-profile-photo-img\" title=\"\">\n\t\t\t\t<span class=\"um-profile-photo-overlay\">\n\t\t\t<span class=\"um-profile-photo-overlay-s\">\n\t\t\t\t<ins>\n\t\t\t\t\t<i class=\"um-faicon-camera\"><\/i>\n\t\t\t\t<\/ins>\n\t\t\t<\/span>\n\t\t<\/span><img alt='' src='https:\/\/secure.gravatar.com\/avatar\/?s=190&#038;d=mm&#038;r=g' srcset='https:\/\/secure.gravatar.com\/avatar\/?s=380&#038;d=mm&#038;r=g 2x' class='avatar avatar-190 photo avatar-default' height='190' width='190' \/>\t\t\t<\/a>\n\n\t\t\t<div style=\"display: none !important;\"><div  id=\"um_field_87809_profile_photo\" class=\"um-field um-field-image  um-field-profile_photo um-field-image um-field-type_image\" data-key=\"profile_photo\" data-mode=\"\" data-upload-label=\"Upload\"><input type=\"hidden\" name=\"profile_photo\" id=\"profile_photo\" value=\"\"  aria-invalid=\"false\" \/><div class=\"um-field-label\"><label for=\"profile_photo\">Change your profile photo<\/label><div class=\"um-clear\"><\/div><\/div><div class=\"um-field-area\" style=\"text-align: center;\"><div class=\"um-single-image-preview crop\" data-crop=\"square\" data-key=\"profile_photo\"><a href=\"javascript:void(0);\" class=\"cancel\"><i class=\"um-icon-close\"><\/i><\/a><img decoding=\"async\" class=\"fusion-lazyload-ignore\" src=\"\" alt=\"\" \/><div class=\"um-clear\"><\/div><\/div><a href=\"javascript:void(0);\" data-modal=\"um_upload_single\" data-modal-size=\"normal\" data-modal-copy=\"1\" class=\"um-button um-btn-auto-width\">Upload<\/a><\/div><div class=\"um-modal-hidden-content\"><div class=\"um-modal-header\"> Change your profile photo<\/div><div class=\"um-modal-body\"><div class=\"um-single-image-preview crop\"  data-crop=\"square\" data-ratio=\"1\" data-min_width=\"190\" data-min_height=\"190\" data-coord=\"\"><a href=\"javascript:void(0);\" class=\"cancel\"><i class=\"um-icon-close\"><\/i><\/a><img decoding=\"async\" class=\"fusion-lazyload-ignore\" src=\"\" alt=\"\" \/><div class=\"um-clear\"><\/div><\/div><div class=\"um-clear\"><\/div><div class=\"um-single-image-upload\" data-user_id=\"\" data-nonce=\"e710d0d34e\" data-timestamp=\"1777717333\"  data-set_id=\"87809\" data-set_mode=\"\" data-type=\"image\" data-key=\"profile_photo\" data-max_size=\"999999999\" data-max_size_error=\"This image is too large!\" data-min_size_error=\"This image is too small!\" data-extension_error=\"Sorry this is not a valid image.\"  data-allowed_types=\"gif,jpg,jpeg,png,webp\" data-upload_text=\"Upload your photo here&lt;small class=&quot;um-max-filesize&quot;&gt;( max: &lt;span&gt;953.7MB&lt;\/span&gt; )&lt;\/small&gt;\" data-max_files_error=\"You can only upload one image\" data-upload_help_text=\"\">Upload<\/div><div class=\"um-modal-footer\">\n\t\t\t\t\t\t\t\t\t<div class=\"um-modal-right\">\n\t\t\t\t\t\t\t\t\t\t<a href=\"javascript:void(0);\" class=\"um-modal-btn um-finish-upload image disabled\" data-key=\"profile_photo\" data-change=\"Change photo\" data-processing=\"Processing...\">Apply<\/a>\n\t\t\t\t\t\t\t\t\t\t<a href=\"javascript:void(0);\" class=\"um-modal-btn alt\" data-action=\"um_remove_modal\"> Cancel<\/a>\n\t\t\t\t\t\t\t\t\t<\/div>\n\t\t\t\t\t\t\t\t\t<div class=\"um-clear\"><\/div>\n\t\t\t\t\t\t\t\t<\/div><\/div><\/div><\/div><\/div>\n\t\t\t<div class=\"um-dropdown\" data-element=\"div.um-profile-photo\" data-position=\"bc\" data-trigger=\"click\">\n\t\t\t\t<div class=\"um-dropdown-b\">\n\t\t\t\t\t<div class=\"um-dropdown-arr\"><i class=\"\"><\/i><\/div>\n\t\t\t\t\t<ul>\n\t\t\t\t\t\t\t\t\t\t\t\t\t<li><a href=\"javascript:void(0);\" class=\"um-manual-trigger\" data-parent=\".um-profile-photo\" data-child=\".um-btn-auto-width\" data-alt_text=\"Change photo\">Upload photo<\/a><\/li>\n\t\t\t\t\t\t\t\t\t\t\t\t\t<li><a href=\"javascript:void(0);\" class=\"um-reset-profile-photo\" data-user_id=\"0\" data-default_src=\"https:\/\/designxt.ecole-intuit-lab.com\/wp-content\/plugins\/ultimate-member\/assets\/img\/default_avatar.jpg\" style=\"display:none;\">Remove photo<\/a><\/li>\n\t\t\t\t\t\t\t\t\t\t\t\t\t<li><a href=\"javascript:void(0);\" class=\"um-dropdown-hide\">Cancel<\/a><\/li>\n\t\t\t\t\t\t\t\t\t\t\t<\/ul>\n\t\t\t\t<\/div>\n\t\t\t<\/div>\n\n\t\t\t\n\t\t<\/div>\n\n\t\t<div class=\"um-profile-meta\">\n\n\t\t\t\n\t\t\t<div class=\"um-main-meta\">\n\n\t\t\t\t\t\t\t\t\t<div class=\"um-name\">\n\n\t\t\t\t\t\t<a href=\"\"\n\t\t\t\t\t\t   title=\"\"><\/a>\n\n\t\t\t\t\t\t\t\t\t\t\t<\/div>\n\t\t\t\t\n\t\t\t\t<div class=\"um-clear\"><\/div>\n\n\t\t\t\t\t\t\t<\/div>\n\n\t\t\t\n\t\t\t<div class=\"um-profile-status\">\n\t\t\t\t<span>\n\t\t\t\t\tThis user account status is Undefined\t\t\t\t<\/span>\n\t\t\t<\/div>\n\n\t\t\t\t\t<\/div>\n\t\t<div class=\"um-clear\"><\/div>\n\n\t\t\n\t<\/div>\n\n\t\n\t\t<div class=\"um-profile-navbar\">\n\t\t\t\t\t\t<div class=\"um-clear\"><\/div>\n\t\t<\/div>\n\n\t\t\n\t\t\t<div class=\"um-profile-nav\">\n\n\t\t\t\t\n\t\t\t\t\t<div class=\"um-profile-nav-item um-profile-nav-main  active\">\n\t\t\t\t\t\t\t\t\t\t\t\t\t<a href=\"https:\/\/designxt.ecole-intuit-lab.com\/en\/wp-json\/wp\/v2\/pages\/90182?profiletab=main\" class=\"uimob800-show uimob500-show uimob340-show um-tip-n\"\n\t\t\t\t\t\t\t   title=\"About\" original-title=\"About\" >\n\n\t\t\t\t\t\t\t\t<i class=\"um-faicon-user\"><\/i>\n\n\t\t\t\t\t\t\t\t\n\t\t\t\t\t\t\t\t<span class=\"uimob800-hide uimob500-hide uimob340-hide title\">About<\/span>\n\t\t\t\t\t\t\t<\/a>\n\t\t\t\t\t\t\t<a href=\"https:\/\/designxt.ecole-intuit-lab.com\/en\/wp-json\/wp\/v2\/pages\/90182?profiletab=main\" class=\"uimob800-hide uimob500-hide uimob340-hide\"\n\t\t\t\t\t\t\t   title=\"About\" >\n\n\t\t\t\t\t\t\t\t<i class=\"um-faicon-user\"><\/i>\n\n\t\t\t\t\t\t\t\t\n\t\t\t\t\t\t\t\t<span class=\"title\">About<\/span>\n\t\t\t\t\t\t\t<\/a>\n\t\t\t\t\t\t\t\t\t\t\t<\/div>\n\n\t\t\t\t\n\t\t\t\t\t<div class=\"um-profile-nav-item um-profile-nav-posts\">\n\t\t\t\t\t\t\t\t\t\t\t\t\t<a href=\"https:\/\/designxt.ecole-intuit-lab.com\/en\/wp-json\/wp\/v2\/pages\/90182?profiletab=posts\" class=\"uimob800-show uimob500-show uimob340-show um-tip-n\"\n\t\t\t\t\t\t\t   title=\"Posts\" original-title=\"Posts\" >\n\n\t\t\t\t\t\t\t\t<i class=\"um-faicon-pencil\"><\/i>\n\n\t\t\t\t\t\t\t\t\n\t\t\t\t\t\t\t\t<span class=\"uimob800-hide uimob500-hide uimob340-hide title\">Posts<\/span>\n\t\t\t\t\t\t\t<\/a>\n\t\t\t\t\t\t\t<a href=\"https:\/\/designxt.ecole-intuit-lab.com\/en\/wp-json\/wp\/v2\/pages\/90182?profiletab=posts\" class=\"uimob800-hide uimob500-hide uimob340-hide\"\n\t\t\t\t\t\t\t   title=\"Posts\" >\n\n\t\t\t\t\t\t\t\t<i class=\"um-faicon-pencil\"><\/i>\n\n\t\t\t\t\t\t\t\t\n\t\t\t\t\t\t\t\t<span class=\"title\">Posts<\/span>\n\t\t\t\t\t\t\t<\/a>\n\t\t\t\t\t\t\t\t\t\t\t<\/div>\n\n\t\t\t\t\n\t\t\t\t\t<div class=\"um-profile-nav-item um-profile-nav-comments\">\n\t\t\t\t\t\t\t\t\t\t\t\t\t<a href=\"https:\/\/designxt.ecole-intuit-lab.com\/en\/wp-json\/wp\/v2\/pages\/90182?profiletab=comments\" class=\"uimob800-show uimob500-show uimob340-show um-tip-n\"\n\t\t\t\t\t\t\t   title=\"Comments\" original-title=\"Comments\" >\n\n\t\t\t\t\t\t\t\t<i class=\"um-faicon-comment\"><\/i>\n\n\t\t\t\t\t\t\t\t\n\t\t\t\t\t\t\t\t<span class=\"uimob800-hide uimob500-hide uimob340-hide title\">Comments<\/span>\n\t\t\t\t\t\t\t<\/a>\n\t\t\t\t\t\t\t<a href=\"https:\/\/designxt.ecole-intuit-lab.com\/en\/wp-json\/wp\/v2\/pages\/90182?profiletab=comments\" class=\"uimob800-hide uimob500-hide uimob340-hide\"\n\t\t\t\t\t\t\t   title=\"Comments\" >\n\n\t\t\t\t\t\t\t\t<i class=\"um-faicon-comment\"><\/i>\n\n\t\t\t\t\t\t\t\t\n\t\t\t\t\t\t\t\t<span class=\"title\">Comments<\/span>\n\t\t\t\t\t\t\t<\/a>\n\t\t\t\t\t\t\t\t\t\t\t<\/div>\n\n\t\t\t\t\n\t\t\t\t<div class=\"um-clear\"><\/div>\n\n\t\t\t<\/div>\n\n\t\t\t\t\t\t<div class=\"um-profile-body main main-default\">\n\n\t\t\t\t\t<p class=\"um-profile-note\"><i class=\"um-faicon-frown-o\"><\/i><span>This user has not added any information to their profile yet.<\/span><\/p>\t\t\t\t\t<div class=\"clear\"><\/div>\n\t\t\t\t<\/div>\n\t\t\t\t\t<\/div>\n<\/div>\n<style>\n\t\t\t.um-87809.um {\n\t\t\tmax-width: 1000px;\n\t\t}\n\t\t<\/style>\n<style>\n\t\t\t.um-87809.um .um-profile-body {\n\t\t\tmax-width: 600px;\n\t\t}\n\t\t.um-87809.um .um-profile-photo a.um-profile-photo-img {\n\t\twidth: 190px;\n\t\theight: 190px;\n\t}\n\t.um-87809.um .um-profile-photo a.um-profile-photo-img {\n\t\ttop: -105px;\n\t}\n\t\t\t.um-87809.um .um-profile-meta {\n\t\t\tpadding-left: 250px;\n\t\t}\n\t<\/style>","protected":false},"excerpt":{"rendered":"Upload a cover photo Cancel Change your cover photoUpload Change your cover photoUpload Apply Cancel Change your profile photoUpload Change [...]","protected":false},"author":18,"featured_media":0,"parent":0,"menu_order":0,"comment_status":"closed","ping_status":"closed","template":"","meta":{"_acf_changed":false,"footnotes":""},"class_list":["post-90182","page","type-page","status-publish","hentry"],"acf":[],"yoast_head":"<!-- This site is optimized with the Yoast SEO plugin v27.3 - https:\/\/yoast.com\/product\/yoast-seo-wordpress\/ -->\n<title>Compte - Ecole Intuit Lab DesigNXT<\/title>\n<meta name=\"description\" content=\"DesigNXT c\u2019est l\u2019opportunit\u00e9 de trouver l\u2019apprenti.e DA id\u00e9al.e qui rejoindra votre \u00e9quipe cr\u00e9ative.Cet \u00e9v\u00e9nement vous permettra de d\u00e9couvrir les r\u00e9alisations et les portfolio et de rencontrer chacun des 70 \u00e9tudiants pour s\u00e9lectionner le ou la DA junior en alternance dont vous avez besoin en septembre prochain.\" \/>\n<meta name=\"robots\" content=\"index, follow, max-snippet:-1, max-image-preview:large, max-video-preview:-1\" \/>\n<link rel=\"canonical\" href=\"https:\/\/designxt.ecole-intuit-lab.com\/en\/compte\/\" \/>\n<meta property=\"og:locale\" content=\"en_GB\" \/>\n<meta property=\"og:type\" content=\"article\" \/>\n<meta property=\"og:title\" content=\"Compte - Ecole Intuit Lab DesigNXT\" \/>\n<meta property=\"og:description\" content=\"DesigNXT c\u2019est l\u2019opportunit\u00e9 de trouver l\u2019apprenti.e DA id\u00e9al.e qui rejoindra votre \u00e9quipe cr\u00e9ative.Cet \u00e9v\u00e9nement vous permettra de d\u00e9couvrir les r\u00e9alisations et les portfolio et de rencontrer chacun des 70 \u00e9tudiants pour s\u00e9lectionner le ou la DA junior en alternance dont vous avez besoin en septembre prochain.\" \/>\n<meta property=\"og:url\" content=\"https:\/\/designxt.ecole-intuit-lab.com\/en\/compte\/\" \/>\n<meta property=\"og:site_name\" content=\"Ecole Intuit Lab DesigNXT\" \/>\n<meta property=\"article:publisher\" content=\"https:\/\/www.facebook.com\/intuitlabparis\" \/>\n<meta property=\"article:modified_time\" content=\"2023-12-15T15:24:13+00:00\" \/>\n<meta property=\"og:image\" content=\"https:\/\/designxt.ecole-intuit-lab.com\/wp-content\/uploads\/2022\/06\/DesigNXT-WEB-bloc-logoDNXT-1.jpg\" \/>\n\t<meta property=\"og:image:width\" content=\"1080\" \/>\n\t<meta property=\"og:image:height\" content=\"1080\" \/>\n\t<meta property=\"og:image:type\" content=\"image\/jpeg\" \/>\n<meta name=\"twitter:card\" content=\"summary_large_image\" \/>\n<script type=\"application\/ld+json\" class=\"yoast-schema-graph\">{\"@context\":\"https:\\\/\\\/schema.org\",\"@graph\":[{\"@type\":\"WebPage\",\"@id\":\"https:\\\/\\\/designxt.ecole-intuit-lab.com\\\/compte\",\"url\":\"https:\\\/\\\/designxt.ecole-intuit-lab.com\\\/compte\",\"name\":\"Compte - Ecole Intuit Lab DesigNXT\",\"isPartOf\":{\"@id\":\"https:\\\/\\\/designxt.ecole-intuit-lab.com\\\/#website\"},\"datePublished\":\"2023-12-15T14:18:33+00:00\",\"dateModified\":\"2023-12-15T15:24:13+00:00\",\"description\":\"DesigNXT c\u2019est l\u2019opportunit\u00e9 de trouver l\u2019apprenti.e DA id\u00e9al.e qui rejoindra votre \u00e9quipe cr\u00e9ative.Cet \u00e9v\u00e9nement vous permettra de d\u00e9couvrir les r\u00e9alisations et les portfolio et de rencontrer chacun des 70 \u00e9tudiants pour s\u00e9lectionner le ou la DA junior en alternance dont vous avez besoin en septembre prochain.\",\"breadcrumb\":{\"@id\":\"https:\\\/\\\/designxt.ecole-intuit-lab.com\\\/compte#breadcrumb\"},\"inLanguage\":\"en-GB\",\"potentialAction\":[{\"@type\":\"ReadAction\",\"target\":[\"https:\\\/\\\/designxt.ecole-intuit-lab.com\\\/compte\"]}]},{\"@type\":\"BreadcrumbList\",\"@id\":\"https:\\\/\\\/designxt.ecole-intuit-lab.com\\\/compte#breadcrumb\",\"itemListElement\":[{\"@type\":\"ListItem\",\"position\":1,\"name\":\"Home\",\"item\":\"https:\\\/\\\/designxt.ecole-intuit-lab.com\\\/\"},{\"@type\":\"ListItem\",\"position\":2,\"name\":\"Compte\"}]},{\"@type\":\"WebSite\",\"@id\":\"https:\\\/\\\/designxt.ecole-intuit-lab.com\\\/#website\",\"url\":\"https:\\\/\\\/designxt.ecole-intuit-lab.com\\\/\",\"name\":\"Ecole Intuit Lab DesigNXT\",\"description\":\"7 &amp; 8 juin 22, rencontrez votre apprenti DA junior de l&#039;\u00e9cole intuit lab, speedcreative dating de 70 \u00e9tudiants en fin de Mast\u00e8re 1\",\"publisher\":{\"@id\":\"https:\\\/\\\/designxt.ecole-intuit-lab.com\\\/#organization\"},\"potentialAction\":[{\"@type\":\"SearchAction\",\"target\":{\"@type\":\"EntryPoint\",\"urlTemplate\":\"https:\\\/\\\/designxt.ecole-intuit-lab.com\\\/?s={search_term_string}\"},\"query-input\":{\"@type\":\"PropertyValueSpecification\",\"valueRequired\":true,\"valueName\":\"search_term_string\"}}],\"inLanguage\":\"en-GB\"},{\"@type\":\"Organization\",\"@id\":\"https:\\\/\\\/designxt.ecole-intuit-lab.com\\\/#organization\",\"name\":\"designxt ecole intuit lab\",\"url\":\"https:\\\/\\\/designxt.ecole-intuit-lab.com\\\/\",\"logo\":{\"@type\":\"ImageObject\",\"inLanguage\":\"en-GB\",\"@id\":\"https:\\\/\\\/designxt.ecole-intuit-lab.com\\\/#\\\/schema\\\/logo\\\/image\\\/\",\"url\":\"https:\\\/\\\/designxt.ecole-intuit-lab.com\\\/wp-content\\\/uploads\\\/2023\\\/06\\\/Fichier-6@4x.png\",\"contentUrl\":\"https:\\\/\\\/designxt.ecole-intuit-lab.com\\\/wp-content\\\/uploads\\\/2023\\\/06\\\/Fichier-6@4x.png\",\"width\":190,\"height\":190,\"caption\":\"designxt ecole intuit lab\"},\"image\":{\"@id\":\"https:\\\/\\\/designxt.ecole-intuit-lab.com\\\/#\\\/schema\\\/logo\\\/image\\\/\"},\"sameAs\":[\"https:\\\/\\\/www.facebook.com\\\/intuitlabparis\",\"https:\\\/\\\/www.instagram.com\\\/intuitlab.france\\\/\",\"https:\\\/\\\/www.youtube.com\\\/c\\\/coleIntuitLabFrance\"]}]}<\/script>\n<!-- \/ Yoast SEO plugin. -->","yoast_head_json":{"title":"Compte - Ecole Intuit Lab DesigNXT","description":"DesigNXT c\u2019est l\u2019opportunit\u00e9 de trouver l\u2019apprenti.e DA id\u00e9al.e qui rejoindra votre \u00e9quipe cr\u00e9ative.Cet \u00e9v\u00e9nement vous permettra de d\u00e9couvrir les r\u00e9alisations et les portfolio et de rencontrer chacun des 70 \u00e9tudiants pour s\u00e9lectionner le ou la DA junior en alternance dont vous avez besoin en septembre prochain.","robots":{"index":"index","follow":"follow","max-snippet":"max-snippet:-1","max-image-preview":"max-image-preview:large","max-video-preview":"max-video-preview:-1"},"canonical":"https:\/\/designxt.ecole-intuit-lab.com\/en\/compte\/","og_locale":"en_GB","og_type":"article","og_title":"Compte - Ecole Intuit Lab DesigNXT","og_description":"DesigNXT c\u2019est l\u2019opportunit\u00e9 de trouver l\u2019apprenti.e DA id\u00e9al.e qui rejoindra votre \u00e9quipe cr\u00e9ative.Cet \u00e9v\u00e9nement vous permettra de d\u00e9couvrir les r\u00e9alisations et les portfolio et de rencontrer chacun des 70 \u00e9tudiants pour s\u00e9lectionner le ou la DA junior en alternance dont vous avez besoin en septembre prochain.","og_url":"https:\/\/designxt.ecole-intuit-lab.com\/en\/compte\/","og_site_name":"Ecole Intuit Lab DesigNXT","article_publisher":"https:\/\/www.facebook.com\/intuitlabparis","article_modified_time":"2023-12-15T15:24:13+00:00","og_image":[{"width":1080,"height":1080,"url":"https:\/\/designxt.ecole-intuit-lab.com\/wp-content\/uploads\/2022\/06\/DesigNXT-WEB-bloc-logoDNXT-1.jpg","type":"image\/jpeg"}],"twitter_card":"summary_large_image","schema":{"@context":"https:\/\/schema.org","@graph":[{"@type":"WebPage","@id":"https:\/\/designxt.ecole-intuit-lab.com\/compte","url":"https:\/\/designxt.ecole-intuit-lab.com\/compte","name":"Compte - Ecole Intuit Lab DesigNXT","isPartOf":{"@id":"https:\/\/designxt.ecole-intuit-lab.com\/#website"},"datePublished":"2023-12-15T14:18:33+00:00","dateModified":"2023-12-15T15:24:13+00:00","description":"DesigNXT c\u2019est l\u2019opportunit\u00e9 de trouver l\u2019apprenti.e DA id\u00e9al.e qui rejoindra votre \u00e9quipe cr\u00e9ative.Cet \u00e9v\u00e9nement vous permettra de d\u00e9couvrir les r\u00e9alisations et les portfolio et de rencontrer chacun des 70 \u00e9tudiants pour s\u00e9lectionner le ou la DA junior en alternance dont vous avez besoin en septembre prochain.","breadcrumb":{"@id":"https:\/\/designxt.ecole-intuit-lab.com\/compte#breadcrumb"},"inLanguage":"en-GB","potentialAction":[{"@type":"ReadAction","target":["https:\/\/designxt.ecole-intuit-lab.com\/compte"]}]},{"@type":"BreadcrumbList","@id":"https:\/\/designxt.ecole-intuit-lab.com\/compte#breadcrumb","itemListElement":[{"@type":"ListItem","position":1,"name":"Home","item":"https:\/\/designxt.ecole-intuit-lab.com\/"},{"@type":"ListItem","position":2,"name":"Compte"}]},{"@type":"WebSite","@id":"https:\/\/designxt.ecole-intuit-lab.com\/#website","url":"https:\/\/designxt.ecole-intuit-lab.com\/","name":"Ecole Intuit Lab DesigNXT","description":"7 &amp; 8 juin 22, rencontrez votre apprenti DA junior de l&#039;\u00e9cole intuit lab, speedcreative dating de 70 \u00e9tudiants en fin de Mast\u00e8re 1","publisher":{"@id":"https:\/\/designxt.ecole-intuit-lab.com\/#organization"},"potentialAction":[{"@type":"SearchAction","target":{"@type":"EntryPoint","urlTemplate":"https:\/\/designxt.ecole-intuit-lab.com\/?s={search_term_string}"},"query-input":{"@type":"PropertyValueSpecification","valueRequired":true,"valueName":"search_term_string"}}],"inLanguage":"en-GB"},{"@type":"Organization","@id":"https:\/\/designxt.ecole-intuit-lab.com\/#organization","name":"designxt ecole intuit lab","url":"https:\/\/designxt.ecole-intuit-lab.com\/","logo":{"@type":"ImageObject","inLanguage":"en-GB","@id":"https:\/\/designxt.ecole-intuit-lab.com\/#\/schema\/logo\/image\/","url":"https:\/\/designxt.ecole-intuit-lab.com\/wp-content\/uploads\/2023\/06\/Fichier-6@4x.png","contentUrl":"https:\/\/designxt.ecole-intuit-lab.com\/wp-content\/uploads\/2023\/06\/Fichier-6@4x.png","width":190,"height":190,"caption":"designxt ecole intuit lab"},"image":{"@id":"https:\/\/designxt.ecole-intuit-lab.com\/#\/schema\/logo\/image\/"},"sameAs":["https:\/\/www.facebook.com\/intuitlabparis","https:\/\/www.instagram.com\/intuitlab.france\/","https:\/\/www.youtube.com\/c\/coleIntuitLabFrance"]}]}},"_links":{"self":[{"href":"https:\/\/designxt.ecole-intuit-lab.com\/en\/wp-json\/wp\/v2\/pages\/90182","targetHints":{"allow":["GET"]}}],"collection":[{"href":"https:\/\/designxt.ecole-intuit-lab.com\/en\/wp-json\/wp\/v2\/pages"}],"about":[{"href":"https:\/\/designxt.ecole-intuit-lab.com\/en\/wp-json\/wp\/v2\/types\/page"}],"author":[{"embeddable":true,"href":"https:\/\/designxt.ecole-intuit-lab.com\/en\/wp-json\/wp\/v2\/users\/18"}],"replies":[{"embeddable":true,"href":"https:\/\/designxt.ecole-intuit-lab.com\/en\/wp-json\/wp\/v2\/comments?post=90182"}],"version-history":[{"count":0,"href":"https:\/\/designxt.ecole-intuit-lab.com\/en\/wp-json\/wp\/v2\/pages\/90182\/revisions"}],"wp:attachment":[{"href":"https:\/\/designxt.ecole-intuit-lab.com\/en\/wp-json\/wp\/v2\/media?parent=90182"}],"curies":[{"name":"wp","href":"https:\/\/api.w.org\/{rel}","templated":true}]}}