{"id":90184,"date":"2023-12-15T12:20:06","date_gmt":"2023-12-15T14:20:06","guid":{"rendered":"https:\/\/designxt.ecole-intuit-lab.com\/?page_id=90184"},"modified":"2023-12-15T12:20:06","modified_gmt":"2023-12-15T14:20:06","slug":"reinitialisation-du-mot-de-passe","status":"publish","type":"page","link":"https:\/\/designxt.ecole-intuit-lab.com\/en\/reinitialisation-du-mot-de-passe","title":{"rendered":"R\u00e9initialisation du mot de passe"},"content":{"rendered":"<div class=\"um um-password um-um_password_id\">\n\t<div class=\"um-form\">\n\t\t<form method=\"post\" action=\"\" data-trp-original-action=\"\">\n\t\t\t\n\t\t\t\t<input type=\"hidden\" name=\"_um_password_reset\" id=\"_um_password_reset\" value=\"1\" \/>\n\n\t\t\t\t\t\t\t\t\t<div class=\"um-field um-field-block um-field-type_block\">\n\t\t\t\t\t\t<div class=\"um-field-block\">\n\t\t\t\t\t\t\t<div style=\"text-align:center;\">\n\t\t\t\t\t\t\t\tTo reset your password, please enter your email address or username below.\t\t\t\t\t\t\t<\/div>\n\t\t\t\t\t\t<\/div>\n\t\t\t\t\t<\/div>\n\t\t\t\t\t<div  id=\"um_field_0_username_b\" class=\"um-field um-field-text  um-field-username_b um-field-text um-field-type_text\" data-key=\"username_b\"><div class=\"um-field-area\"><input  autocomplete=\"off\" class=\"um-form-field valid\" type=\"text\" name=\"username_b\" id=\"username_b\" value=\"\" placeholder=\"Enter your username or email\" data-validate=\"\" data-key=\"username_b\"  aria-invalid=\"false\" \/>\n\n\t\t\t\t\t\t<\/div><\/div>\t\t\t\t<div class=\"um-col-alt um-col-alt-b\">\n\t\t\t\t\t<div class=\"um-center\">\n\t\t\t\t\t\t<input type=\"submit\" value=\"Reset password\" class=\"um-button\" id=\"um-submit-btn\" \/>\n\t\t\t\t\t<\/div>\n\t\t\t\t\t<div class=\"um-clear\"><\/div>\n\t\t\t\t<\/div>\n\t\t\t\t\t<input type=\"hidden\" name=\"form_id\" id=\"form_id_um_password_id\" value=\"um_password_id\" \/>\n\t\t<p class=\"um_request_name\">\n\t\t<label for=\"um_request_um_password_id\">Only fill in if you are not human<\/label>\n\t\t<input type=\"hidden\" name=\"um_request\" id=\"um_request_um_password_id\" class=\"input\" value=\"\" size=\"25\" autocomplete=\"off\" \/>\n\t<\/p>\n\t\t\t<input type=\"hidden\" name=\"trp-form-language\" value=\"en\"\/><\/form>\n\t<\/div>\n<\/div>\n<style>\n\t\t\t.um-um_password_id.um {\n\t\t\tmax-width: 450px;\n\t\t}\n\t\t<\/style>","protected":false},"excerpt":{"rendered":"To reset your password, please enter your email address or username below. Only fill in if you are not human","protected":false},"author":18,"featured_media":0,"parent":0,"menu_order":0,"comment_status":"closed","ping_status":"closed","template":"","meta":{"_acf_changed":false,"footnotes":""},"class_list":["post-90184","page","type-page","status-publish","hentry"],"acf":[],"yoast_head":"<!-- This site is optimized with the Yoast SEO plugin v27.3 - https:\/\/yoast.com\/product\/yoast-seo-wordpress\/ -->\n<title>R\u00e9initialisation du mot de passe - Ecole Intuit Lab DesigNXT<\/title>\n<meta name=\"description\" content=\"DesigNXT c\u2019est l\u2019opportunit\u00e9 de trouver l\u2019apprenti.e DA id\u00e9al.e qui rejoindra votre \u00e9quipe cr\u00e9ative.Cet \u00e9v\u00e9nement vous permettra de d\u00e9couvrir les r\u00e9alisations et les portfolio et de rencontrer chacun des 70 \u00e9tudiants pour s\u00e9lectionner le ou la DA junior en alternance dont vous avez besoin en septembre prochain.\" \/>\n<meta name=\"robots\" content=\"index, follow, max-snippet:-1, max-image-preview:large, max-video-preview:-1\" \/>\n<link rel=\"canonical\" href=\"https:\/\/designxt.ecole-intuit-lab.com\/en\/reinitialisation-du-mot-de-passe\/\" \/>\n<meta property=\"og:locale\" content=\"en_GB\" \/>\n<meta property=\"og:type\" content=\"article\" \/>\n<meta property=\"og:title\" content=\"R\u00e9initialisation du mot de passe - Ecole Intuit Lab DesigNXT\" \/>\n<meta property=\"og:description\" content=\"DesigNXT c\u2019est l\u2019opportunit\u00e9 de trouver l\u2019apprenti.e DA id\u00e9al.e qui rejoindra votre \u00e9quipe cr\u00e9ative.Cet \u00e9v\u00e9nement vous permettra de d\u00e9couvrir les r\u00e9alisations et les portfolio et de rencontrer chacun des 70 \u00e9tudiants pour s\u00e9lectionner le ou la DA junior en alternance dont vous avez besoin en septembre prochain.\" \/>\n<meta property=\"og:url\" content=\"https:\/\/designxt.ecole-intuit-lab.com\/en\/reinitialisation-du-mot-de-passe\/\" \/>\n<meta property=\"og:site_name\" content=\"Ecole Intuit Lab DesigNXT\" \/>\n<meta property=\"article:publisher\" content=\"https:\/\/www.facebook.com\/intuitlabparis\" \/>\n<meta property=\"og:image\" content=\"https:\/\/designxt.ecole-intuit-lab.com\/wp-content\/uploads\/2022\/06\/DesigNXT-WEB-bloc-logoDNXT-1.jpg\" \/>\n\t<meta property=\"og:image:width\" content=\"1080\" \/>\n\t<meta property=\"og:image:height\" content=\"1080\" \/>\n\t<meta property=\"og:image:type\" content=\"image\/jpeg\" \/>\n<meta name=\"twitter:card\" content=\"summary_large_image\" \/>\n<script type=\"application\/ld+json\" class=\"yoast-schema-graph\">{\"@context\":\"https:\\\/\\\/schema.org\",\"@graph\":[{\"@type\":\"WebPage\",\"@id\":\"https:\\\/\\\/designxt.ecole-intuit-lab.com\\\/reinitialisation-du-mot-de-passe\",\"url\":\"https:\\\/\\\/designxt.ecole-intuit-lab.com\\\/reinitialisation-du-mot-de-passe\",\"name\":\"R\u00e9initialisation du mot de passe - Ecole Intuit Lab DesigNXT\",\"isPartOf\":{\"@id\":\"https:\\\/\\\/designxt.ecole-intuit-lab.com\\\/#website\"},\"datePublished\":\"2023-12-15T14:20:06+00:00\",\"description\":\"DesigNXT c\u2019est l\u2019opportunit\u00e9 de trouver l\u2019apprenti.e DA id\u00e9al.e qui rejoindra votre \u00e9quipe cr\u00e9ative.Cet \u00e9v\u00e9nement vous permettra de d\u00e9couvrir les r\u00e9alisations et les portfolio et de rencontrer chacun des 70 \u00e9tudiants pour s\u00e9lectionner le ou la DA junior en alternance dont vous avez besoin en septembre prochain.\",\"breadcrumb\":{\"@id\":\"https:\\\/\\\/designxt.ecole-intuit-lab.com\\\/reinitialisation-du-mot-de-passe#breadcrumb\"},\"inLanguage\":\"en-GB\",\"potentialAction\":[{\"@type\":\"ReadAction\",\"target\":[\"https:\\\/\\\/designxt.ecole-intuit-lab.com\\\/reinitialisation-du-mot-de-passe\"]}]},{\"@type\":\"BreadcrumbList\",\"@id\":\"https:\\\/\\\/designxt.ecole-intuit-lab.com\\\/reinitialisation-du-mot-de-passe#breadcrumb\",\"itemListElement\":[{\"@type\":\"ListItem\",\"position\":1,\"name\":\"Home\",\"item\":\"https:\\\/\\\/designxt.ecole-intuit-lab.com\\\/\"},{\"@type\":\"ListItem\",\"position\":2,\"name\":\"R\u00e9initialisation du mot de passe\"}]},{\"@type\":\"WebSite\",\"@id\":\"https:\\\/\\\/designxt.ecole-intuit-lab.com\\\/#website\",\"url\":\"https:\\\/\\\/designxt.ecole-intuit-lab.com\\\/\",\"name\":\"Ecole Intuit Lab DesigNXT\",\"description\":\"7 &amp; 8 juin 22, rencontrez votre apprenti DA junior de l&#039;\u00e9cole intuit lab, speedcreative dating de 70 \u00e9tudiants en fin de Mast\u00e8re 1\",\"publisher\":{\"@id\":\"https:\\\/\\\/designxt.ecole-intuit-lab.com\\\/#organization\"},\"potentialAction\":[{\"@type\":\"SearchAction\",\"target\":{\"@type\":\"EntryPoint\",\"urlTemplate\":\"https:\\\/\\\/designxt.ecole-intuit-lab.com\\\/?s={search_term_string}\"},\"query-input\":{\"@type\":\"PropertyValueSpecification\",\"valueRequired\":true,\"valueName\":\"search_term_string\"}}],\"inLanguage\":\"en-GB\"},{\"@type\":\"Organization\",\"@id\":\"https:\\\/\\\/designxt.ecole-intuit-lab.com\\\/#organization\",\"name\":\"designxt ecole intuit lab\",\"url\":\"https:\\\/\\\/designxt.ecole-intuit-lab.com\\\/\",\"logo\":{\"@type\":\"ImageObject\",\"inLanguage\":\"en-GB\",\"@id\":\"https:\\\/\\\/designxt.ecole-intuit-lab.com\\\/#\\\/schema\\\/logo\\\/image\\\/\",\"url\":\"https:\\\/\\\/designxt.ecole-intuit-lab.com\\\/wp-content\\\/uploads\\\/2023\\\/06\\\/Fichier-6@4x.png\",\"contentUrl\":\"https:\\\/\\\/designxt.ecole-intuit-lab.com\\\/wp-content\\\/uploads\\\/2023\\\/06\\\/Fichier-6@4x.png\",\"width\":190,\"height\":190,\"caption\":\"designxt ecole intuit lab\"},\"image\":{\"@id\":\"https:\\\/\\\/designxt.ecole-intuit-lab.com\\\/#\\\/schema\\\/logo\\\/image\\\/\"},\"sameAs\":[\"https:\\\/\\\/www.facebook.com\\\/intuitlabparis\",\"https:\\\/\\\/www.instagram.com\\\/intuitlab.france\\\/\",\"https:\\\/\\\/www.youtube.com\\\/c\\\/coleIntuitLabFrance\"]}]}<\/script>\n<!-- \/ Yoast SEO plugin. -->","yoast_head_json":{"title":"R\u00e9initialisation du mot de passe - Ecole Intuit Lab DesigNXT","description":"DesigNXT c\u2019est l\u2019opportunit\u00e9 de trouver l\u2019apprenti.e DA id\u00e9al.e qui rejoindra votre \u00e9quipe cr\u00e9ative.Cet \u00e9v\u00e9nement vous permettra de d\u00e9couvrir les r\u00e9alisations et les portfolio et de rencontrer chacun des 70 \u00e9tudiants pour s\u00e9lectionner le ou la DA junior en alternance dont vous avez besoin en septembre prochain.","robots":{"index":"index","follow":"follow","max-snippet":"max-snippet:-1","max-image-preview":"max-image-preview:large","max-video-preview":"max-video-preview:-1"},"canonical":"https:\/\/designxt.ecole-intuit-lab.com\/en\/reinitialisation-du-mot-de-passe\/","og_locale":"en_GB","og_type":"article","og_title":"R\u00e9initialisation du mot de passe - Ecole Intuit Lab DesigNXT","og_description":"DesigNXT c\u2019est l\u2019opportunit\u00e9 de trouver l\u2019apprenti.e DA id\u00e9al.e qui rejoindra votre \u00e9quipe cr\u00e9ative.Cet \u00e9v\u00e9nement vous permettra de d\u00e9couvrir les r\u00e9alisations et les portfolio et de rencontrer chacun des 70 \u00e9tudiants pour s\u00e9lectionner le ou la DA junior en alternance dont vous avez besoin en septembre prochain.","og_url":"https:\/\/designxt.ecole-intuit-lab.com\/en\/reinitialisation-du-mot-de-passe\/","og_site_name":"Ecole Intuit Lab DesigNXT","article_publisher":"https:\/\/www.facebook.com\/intuitlabparis","og_image":[{"width":1080,"height":1080,"url":"https:\/\/designxt.ecole-intuit-lab.com\/wp-content\/uploads\/2022\/06\/DesigNXT-WEB-bloc-logoDNXT-1.jpg","type":"image\/jpeg"}],"twitter_card":"summary_large_image","schema":{"@context":"https:\/\/schema.org","@graph":[{"@type":"WebPage","@id":"https:\/\/designxt.ecole-intuit-lab.com\/reinitialisation-du-mot-de-passe","url":"https:\/\/designxt.ecole-intuit-lab.com\/reinitialisation-du-mot-de-passe","name":"R\u00e9initialisation du mot de passe - Ecole Intuit Lab DesigNXT","isPartOf":{"@id":"https:\/\/designxt.ecole-intuit-lab.com\/#website"},"datePublished":"2023-12-15T14:20:06+00:00","description":"DesigNXT c\u2019est l\u2019opportunit\u00e9 de trouver l\u2019apprenti.e DA id\u00e9al.e qui rejoindra votre \u00e9quipe cr\u00e9ative.Cet \u00e9v\u00e9nement vous permettra de d\u00e9couvrir les r\u00e9alisations et les portfolio et de rencontrer chacun des 70 \u00e9tudiants pour s\u00e9lectionner le ou la DA junior en alternance dont vous avez besoin en septembre prochain.","breadcrumb":{"@id":"https:\/\/designxt.ecole-intuit-lab.com\/reinitialisation-du-mot-de-passe#breadcrumb"},"inLanguage":"en-GB","potentialAction":[{"@type":"ReadAction","target":["https:\/\/designxt.ecole-intuit-lab.com\/reinitialisation-du-mot-de-passe"]}]},{"@type":"BreadcrumbList","@id":"https:\/\/designxt.ecole-intuit-lab.com\/reinitialisation-du-mot-de-passe#breadcrumb","itemListElement":[{"@type":"ListItem","position":1,"name":"Home","item":"https:\/\/designxt.ecole-intuit-lab.com\/"},{"@type":"ListItem","position":2,"name":"R\u00e9initialisation du mot de passe"}]},{"@type":"WebSite","@id":"https:\/\/designxt.ecole-intuit-lab.com\/#website","url":"https:\/\/designxt.ecole-intuit-lab.com\/","name":"Ecole Intuit Lab DesigNXT","description":"7 &amp; 8 juin 22, rencontrez votre apprenti DA junior de l&#039;\u00e9cole intuit lab, speedcreative dating de 70 \u00e9tudiants en fin de Mast\u00e8re 1","publisher":{"@id":"https:\/\/designxt.ecole-intuit-lab.com\/#organization"},"potentialAction":[{"@type":"SearchAction","target":{"@type":"EntryPoint","urlTemplate":"https:\/\/designxt.ecole-intuit-lab.com\/?s={search_term_string}"},"query-input":{"@type":"PropertyValueSpecification","valueRequired":true,"valueName":"search_term_string"}}],"inLanguage":"en-GB"},{"@type":"Organization","@id":"https:\/\/designxt.ecole-intuit-lab.com\/#organization","name":"designxt ecole intuit lab","url":"https:\/\/designxt.ecole-intuit-lab.com\/","logo":{"@type":"ImageObject","inLanguage":"en-GB","@id":"https:\/\/designxt.ecole-intuit-lab.com\/#\/schema\/logo\/image\/","url":"https:\/\/designxt.ecole-intuit-lab.com\/wp-content\/uploads\/2023\/06\/Fichier-6@4x.png","contentUrl":"https:\/\/designxt.ecole-intuit-lab.com\/wp-content\/uploads\/2023\/06\/Fichier-6@4x.png","width":190,"height":190,"caption":"designxt ecole intuit lab"},"image":{"@id":"https:\/\/designxt.ecole-intuit-lab.com\/#\/schema\/logo\/image\/"},"sameAs":["https:\/\/www.facebook.com\/intuitlabparis","https:\/\/www.instagram.com\/intuitlab.france\/","https:\/\/www.youtube.com\/c\/coleIntuitLabFrance"]}]}},"_links":{"self":[{"href":"https:\/\/designxt.ecole-intuit-lab.com\/en\/wp-json\/wp\/v2\/pages\/90184","targetHints":{"allow":["GET"]}}],"collection":[{"href":"https:\/\/designxt.ecole-intuit-lab.com\/en\/wp-json\/wp\/v2\/pages"}],"about":[{"href":"https:\/\/designxt.ecole-intuit-lab.com\/en\/wp-json\/wp\/v2\/types\/page"}],"author":[{"embeddable":true,"href":"https:\/\/designxt.ecole-intuit-lab.com\/en\/wp-json\/wp\/v2\/users\/18"}],"replies":[{"embeddable":true,"href":"https:\/\/designxt.ecole-intuit-lab.com\/en\/wp-json\/wp\/v2\/comments?post=90184"}],"version-history":[{"count":0,"href":"https:\/\/designxt.ecole-intuit-lab.com\/en\/wp-json\/wp\/v2\/pages\/90184\/revisions"}],"wp:attachment":[{"href":"https:\/\/designxt.ecole-intuit-lab.com\/en\/wp-json\/wp\/v2\/media?parent=90184"}],"curies":[{"name":"wp","href":"https:\/\/api.w.org\/{rel}","templated":true}]}}