{"id":99813,"date":"2025-04-04T08:12:51","date_gmt":"2025-04-04T10:12:51","guid":{"rendered":"https:\/\/designxt.ecole-intuit-lab.com\/?page_id=99813"},"modified":"2025-06-12T10:05:15","modified_gmt":"2025-06-12T12:05:15","slug":"deposer-une-offre","status":"publish","type":"page","link":"https:\/\/designxt.ecole-intuit-lab.com\/en\/deposer-une-offre","title":{"rendered":"D\u00e9poser une offre d&#8217;alternance ou de stage"},"content":{"rendered":"<div data-elementor-type=\"wp-page\" data-elementor-id=\"99813\" class=\"elementor elementor-99813\" data-elementor-post-type=\"page\">\n\t\t\t\t<div class=\"elementor-element elementor-element-146dc9c e-flex e-con-boxed e-con e-parent\" data-id=\"146dc9c\" data-element_type=\"container\" data-e-type=\"container\" data-settings=\"{&quot;background_background&quot;:&quot;classic&quot;}\">\n\t\t\t\t\t<div class=\"e-con-inner\">\n\t\t<div class=\"elementor-element elementor-element-5276c67 e-con-full e-flex e-con e-child\" data-id=\"5276c67\" data-element_type=\"container\" data-e-type=\"container\">\n\t\t\t\t<div class=\"elementor-element elementor-element-7070b99 elementor-widget elementor-widget-heading\" data-id=\"7070b99\" data-element_type=\"widget\" data-e-type=\"widget\" data-widget_type=\"heading.default\">\n\t\t\t\t<div class=\"elementor-widget-container\">\n\t\t\t\t\t<h2 class=\"elementor-heading-title elementor-size-default\">D\u00e9poser votre offre d\u2019alternance ou de stage<\/h2>\t\t\t\t<\/div>\n\t\t\t\t<\/div>\n\t\t\t\t<div class=\"elementor-element elementor-element-8675c68 elementor-widget elementor-widget-text-editor\" data-id=\"8675c68\" data-element_type=\"widget\" data-e-type=\"widget\" data-widget_type=\"text-editor.default\">\n\t\t\t\t<div class=\"elementor-widget-container\">\n\t\t\t\t\t\t\t\t\tPubliez vos offres d&#8217;alternance ou d&#8217;emploi exclusivement pour les talents d&#8217;Intuit Lab !\u2028Acc\u00e9dez \u00e0 une communaut\u00e9 de jeunes cr\u00e9atifs, passionn\u00e9s et d\u00e9j\u00e0 form\u00e9s aux standards du secteur. Recrutez facilement et donnez \u00e0 votre entreprise un avantage strat\u00e9gique.\t\t\t\t\t\t\t\t<\/div>\n\t\t\t\t<\/div>\n\t\t\t\t<div class=\"elementor-element elementor-element-a80dbb1 elementor-widget elementor-widget-image-box\" data-id=\"a80dbb1\" data-element_type=\"widget\" data-e-type=\"widget\" data-widget_type=\"image-box.default\">\n\t\t\t\t<div class=\"elementor-widget-container\">\n\t\t\t\t\t<div class=\"elementor-image-box-wrapper\"><div class=\"elementor-image-box-content\"><h3 class=\"elementor-image-box-title\">Need help?<\/h3><p class=\"elementor-image-box-description\">Notre \u00e9quipe est \u00e0 votre disposition pour vous accompagner \u00e0 chaque \u00e9tape. Contactez-nous et b\u00e9n\u00e9ficiez d'une assistance rapide et personnalis\u00e9e.<\/p><\/div><\/div>\t\t\t\t<\/div>\n\t\t\t\t<\/div>\n\t\t\t\t<div class=\"elementor-element elementor-element-8e2c90f elementor-icon-list--layout-traditional elementor-list-item-link-full_width elementor-widget elementor-widget-icon-list\" data-id=\"8e2c90f\" data-element_type=\"widget\" data-e-type=\"widget\" data-widget_type=\"icon-list.default\">\n\t\t\t\t<div class=\"elementor-widget-container\">\n\t\t\t\t\t\t\t<ul class=\"elementor-icon-list-items\">\n\t\t\t\t\t\t\t<li class=\"elementor-icon-list-item\">\n\t\t\t\t\t\t\t\t\t\t\t<a href=\"mailto:marie.sarde@ecole-intuit-lab.com\">\n\n\t\t\t\t\t\t\t\t\t\t\t\t<span class=\"elementor-icon-list-icon\">\n\t\t\t\t\t\t\t<svg xmlns=\"http:\/\/www.w3.org\/2000\/svg\" width=\"24\" height=\"25\" viewbox=\"0 0 24 25\" fill=\"none\"><path d=\"M4.19844 6.81999L11.3154 11.7471C11.7263 12.0316 12.2706 12.0316 12.6815 11.7471L19.7984 6.81999M4.79844 19.42H19.1984C20.5239 19.42 21.5984 18.3455 21.5984 17.02V7.41999C21.5984 6.09451 20.5239 5.01999 19.1984 5.01999H4.79844C3.47295 5.01999 2.39844 6.09451 2.39844 7.41999V17.02C2.39844 18.3455 3.47295 19.42 4.79844 19.42Z\" stroke=\"white\" stroke-linecap=\"round\" stroke-linejoin=\"round\"><\/path><\/svg>\t\t\t\t\t\t<\/span>\n\t\t\t\t\t\t\t\t\t\t<span class=\"elementor-icon-list-text\">marie.sarde@ecole-intuit-lab.com<\/span>\n\t\t\t\t\t\t\t\t\t\t\t<\/a>\n\t\t\t\t\t\t\t\t\t<\/li>\n\t\t\t\t\t\t\t\t<li class=\"elementor-icon-list-item\">\n\t\t\t\t\t\t\t\t\t\t\t<a href=\"tel:+330783437534\">\n\n\t\t\t\t\t\t\t\t\t\t\t\t<span class=\"elementor-icon-list-icon\">\n\t\t\t\t\t\t\t<svg xmlns=\"http:\/\/www.w3.org\/2000\/svg\" width=\"24\" height=\"25\" viewbox=\"0 0 24 25\" fill=\"none\"><path d=\"M20.6658 18.991C20.6658 18.991 19.5071 20.129 19.2232 20.4626C18.7606 20.9562 18.2156 21.1893 17.5012 21.1893C17.4325 21.1893 17.3592 21.1893 17.2905 21.1847C15.9304 21.0979 14.6664 20.5677 13.7184 20.1153C11.1263 18.863 8.85015 17.0851 6.95873 14.8319C5.39706 12.9535 4.35288 11.2168 3.66135 9.35211C3.23544 8.21409 3.07973 7.32745 3.14842 6.49107C3.19422 5.95634 3.40031 5.51302 3.78042 5.13368L5.3421 3.5752C5.5665 3.36496 5.80465 3.2507 6.03821 3.2507C6.32673 3.2507 6.5603 3.42437 6.70685 3.57063C6.71143 3.5752 6.71601 3.57977 6.72059 3.58434C6.99995 3.84485 7.26557 4.1145 7.54493 4.40243C7.6869 4.54868 7.83345 4.69493 7.98001 4.84575L9.23026 6.09345C9.71571 6.57791 9.71571 7.0258 9.23026 7.51026C9.09745 7.6428 8.96922 7.77534 8.83641 7.90331C8.45171 8.29636 8.75391 7.99477 8.35548 8.35126C8.34632 8.3604 8.33716 8.36497 8.33258 8.37411C7.93873 8.76716 8.012 9.15107 8.09444 9.41158C8.09902 9.42529 8.1036 9.439 8.10818 9.45271C8.43333 10.2388 8.8913 10.9792 9.58742 11.8613L9.592 11.8659C10.856 13.4198 12.1887 14.6309 13.6588 15.5587C13.8465 15.6775 14.0389 15.7735 14.2221 15.8649C14.3869 15.9472 14.5427 16.0249 14.6755 16.1071C14.6938 16.1163 14.7121 16.13 14.7304 16.1391C14.8861 16.2168 15.0327 16.2534 15.1838 16.2534C15.5639 16.2534 15.8021 16.0157 15.8799 15.938L16.7776 15.0422C16.9333 14.8868 17.1806 14.6994 17.4691 14.6994C17.7531 14.6994 17.9866 14.8776 18.1286 15.033C18.1332 15.0376 18.1332 15.0376 18.1378 15.0422L20.6612 17.5604C21.1329 18.0266 20.6658 18.991 20.6658 18.991Z\" stroke=\"white\" stroke-linecap=\"round\" stroke-linejoin=\"round\"><\/path><\/svg>\t\t\t\t\t\t<\/span>\n\t\t\t\t\t\t\t\t\t\t<span class=\"elementor-icon-list-text\">+330783437534<\/span>\n\t\t\t\t\t\t\t\t\t\t\t<\/a>\n\t\t\t\t\t\t\t\t\t<\/li>\n\t\t\t\t\t\t<\/ul>\n\t\t\t\t\t\t<\/div>\n\t\t\t\t<\/div>\n\t\t\t\t<\/div>\n\t\t<div class=\"elementor-element elementor-element-1d485ab e-con-full e-flex e-con e-child\" data-id=\"1d485ab\" data-element_type=\"container\" data-e-type=\"container\">\n\t\t\t\t<div class=\"elementor-element elementor-element-50d7808 create-student-profile-and-offer-form elementor-widget elementor-widget-shortcode\" data-id=\"50d7808\" data-element_type=\"widget\" data-e-type=\"widget\" data-widget_type=\"shortcode.default\">\n\t\t\t\t<div class=\"elementor-widget-container\">\n\t\t\t\t\t\t\t<div class=\"elementor-shortcode\">\n<div class=\"wpcf7 no-js\" id=\"wpcf7-f99829-o1\" lang=\"fr-FR\" dir=\"ltr\" data-wpcf7-id=\"99829\">\n<div class=\"screen-reader-response\"><p role=\"status\" aria-live=\"polite\" aria-atomic=\"true\"><\/p> <ul><\/ul><\/div>\n<form action=\"\/en\/wp-json\/wp\/v2\/pages\/99813#wpcf7-f99829-o1\" method=\"post\" class=\"wpcf7-form init\" aria-label=\"Formulaire de contact\" novalidate=\"novalidate\" data-status=\"init\" data-trp-original-action=\"\/en\/wp-json\/wp\/v2\/pages\/99813#wpcf7-f99829-o1\">\n<fieldset class=\"hidden-fields-container\"><input type=\"hidden\" name=\"_wpcf7\" value=\"99829\" \/><input type=\"hidden\" name=\"_wpcf7_version\" value=\"6.1.5\" \/><input type=\"hidden\" name=\"_wpcf7_locale\" value=\"fr_FR\" \/><input type=\"hidden\" name=\"_wpcf7_unit_tag\" value=\"wpcf7-f99829-o1\" \/><input type=\"hidden\" name=\"_wpcf7_container_post\" value=\"0\" \/><input type=\"hidden\" name=\"_wpcf7_posted_data_hash\" value=\"\" \/><input type=\"hidden\" name=\"_wpcf7_recaptcha_response\" value=\"\" \/>\n<\/fieldset>\n<div class=\"create-offer\">\n\t<p><label> NOM ENTREPRISE <span class=\"wpcf7-form-control-wrap\" data-name=\"nom-entreprise\"><input size=\"40\" maxlength=\"400\" class=\"wpcf7-form-control wpcf7-text wpcf7-validates-as-required\" aria-required=\"true\" aria-invalid=\"false\" placeholder=\"Agence Seenk\" value=\"\" type=\"text\" name=\"nom-entreprise\" \/><\/span> <\/label><br \/>\n<label> VOTRE ROLE<span class=\"wpcf7-form-control-wrap\" data-name=\"votre-role\"><input size=\"40\" maxlength=\"400\" class=\"wpcf7-form-control wpcf7-text wpcf7-validates-as-required\" aria-required=\"true\" aria-invalid=\"false\" placeholder=\"Directeur Artistique\" value=\"\" type=\"text\" name=\"votre-role\" \/><\/span> <\/label><br \/>\n<label> NOM <span class=\"wpcf7-form-control-wrap\" data-name=\"nom\"><input size=\"40\" maxlength=\"400\" class=\"wpcf7-form-control wpcf7-text wpcf7-validates-as-required\" autocomplete=\"name\" aria-required=\"true\" aria-invalid=\"false\" placeholder=\"Chaumeil\" value=\"\" type=\"text\" name=\"nom\" \/><\/span> <\/label><br \/>\n<label> PR\u00c9NOM <span class=\"wpcf7-form-control-wrap\" data-name=\"prenom\"><input size=\"40\" maxlength=\"400\" class=\"wpcf7-form-control wpcf7-text wpcf7-validates-as-required\" autocomplete=\"name\" aria-required=\"true\" aria-invalid=\"false\" placeholder=\"Paul\" value=\"\" type=\"text\" name=\"prenom\" \/><\/span> <\/label><br \/>\n<label> EMAIL <span class=\"wpcf7-form-control-wrap\" data-name=\"email\"><input size=\"40\" maxlength=\"400\" class=\"wpcf7-form-control wpcf7-email wpcf7-validates-as-required wpcf7-text wpcf7-validates-as-email\" aria-required=\"true\" aria-invalid=\"false\" placeholder=\"paul@gmail.com\" value=\"\" type=\"email\" name=\"email\" \/><\/span> <\/label><br \/>\n<label> T\u00c9L\u00c9PHONE <span class=\"wpcf7-form-control-wrap\" data-name=\"telephone\"><input size=\"40\" maxlength=\"400\" class=\"wpcf7-form-control wpcf7-tel wpcf7-validates-as-required wpcf7-text wpcf7-validates-as-tel\" aria-required=\"true\" aria-invalid=\"false\" placeholder=\"+33 06 07 06 06 07\" value=\"\" type=\"tel\" name=\"telephone\" \/><\/span> <\/label><br \/>\n<label> LIEU <span class=\"wpcf7-form-control-wrap\" data-name=\"lieu\"><select class=\"wpcf7-form-control wpcf7-select wpcf7-validates-as-required\" aria-required=\"true\" aria-invalid=\"false\" name=\"lieu\"><option value=\"Paris\">Paris<\/option><option value=\"Mumbai\">Mumbai<\/option><option value=\"New Delhi\">New Delhi<\/option><option value=\"Marseille\">Marseille<\/option><option value=\"Kolkata\">Kolkata<\/option><\/select><\/span> <\/label><br \/>\n<label> OFFRE DE POSTE <span class=\"wpcf7-form-control-wrap\" data-name=\"offre-deposte\"><select class=\"wpcf7-form-control wpcf7-select wpcf7-validates-as-required\" aria-required=\"true\" aria-invalid=\"false\" name=\"offre-deposte\"><option value=\"Alternance\">Alternance<\/option><option value=\"Stage\">Stage<\/option><\/select><\/span> <\/label><br \/>\n<label> DATE D\u00c9BUT <span class=\"wpcf7-form-control-wrap\" data-name=\"date-debut\"><input class=\"wpcf7-form-control wpcf7-date wpcf7-validates-as-required wpcf7-validates-as-date\" aria-required=\"true\" aria-invalid=\"false\" value=\"\" type=\"date\" name=\"date-debut\" \/><\/span> <\/label><br \/>\n<label> DATE LIMITE CANDIDATURE <span class=\"wpcf7-form-control-wrap\" data-name=\"date-limite-candidature\"><input class=\"wpcf7-form-control wpcf7-date wpcf7-validates-as-required wpcf7-validates-as-date\" aria-required=\"true\" aria-invalid=\"false\" value=\"\" type=\"date\" name=\"date-limite-candidature\" \/><\/span> <\/label><br \/>\n<label class=\"full-width\"> LIEN LINKEDIN <span class=\"wpcf7-form-control-wrap\" data-name=\"lien-linkedin\"><input size=\"40\" maxlength=\"400\" class=\"wpcf7-form-control wpcf7-url wpcf7-validates-as-required wpcf7-text wpcf7-validates-as-url\" aria-required=\"true\" aria-invalid=\"false\" placeholder=\"https:\/\/www.linkedin.com\/pr\u00e9nom-nom\" value=\"\" type=\"url\" name=\"lien-linkedin\" \/><\/span> <\/label><br \/>\n<label class=\"full-width\"> LIEN DU SITE <span class=\"wpcf7-form-control-wrap\" data-name=\"lien-du-site\"><input size=\"40\" maxlength=\"400\" class=\"wpcf7-form-control wpcf7-url wpcf7-text wpcf7-validates-as-url\" aria-invalid=\"false\" placeholder=\"https:\/\/www.example.com\/\" value=\"\" type=\"url\" name=\"lien-du-site\" \/><\/span> <\/label><br \/>\n<label class=\"full-width\"> D\u00c9CRIRE VOTRE OFFRE <span class=\"wpcf7-form-control-wrap\" data-name=\"decrire-votre-offre\"><textarea cols=\"40\" rows=\"10\" maxlength=\"2000\" class=\"wpcf7-form-control wpcf7-textarea wpcf7-validates-as-required\" aria-required=\"true\" aria-invalid=\"false\" placeholder=\"D\u00e9crire votre offre\" name=\"decrire-votre-offre\"><\/textarea><\/span> <\/label><br \/>\n<label class=\"full-width\"> CHARGEZ VOTRE OFFRE <span class=\"upload-instruct\">(OPTIONNEL)<\/span> <span class=\"wpcf7-form-control-wrap\" data-name=\"chargez-votre-offre\"><input size=\"40\" class=\"wpcf7-form-control wpcf7-drag-n-drop-file d-none\" aria-invalid=\"false\" type=\"file\" multiple=\"multiple\" data-name=\"chargez-votre-offre\" data-type=\"pdf|png|jpg|jpeg|webp\" data-limit=\"4194304\" data-max=\"1\" data-id=\"99829\" data-version=\"free version 1.3.9.6\" accept=\".pdf, .png, .jpg, .jpeg, .webp\" \/><\/span> <\/label><br \/>\n<label class=\"full-width\"> <span class=\"wpcf7-form-control-wrap\" data-name=\"agree-terms-conditions\"><span class=\"wpcf7-form-control wpcf7-acceptance\"><span class=\"wpcf7-list-item\"><label><input type=\"checkbox\" name=\"agree-terms-conditions\" value=\"1\" aria-invalid=\"false\" \/><span class=\"wpcf7-list-item-label\">J\u2019accepte les <a href=\"https:\/\/ecole-intuit-lab.com\/politique-de-confidentialite\/\" target=\"_blank\">conditions g\u00e9n\u00e9rales d\u2019inscription<\/a> et je m\u2019engage \u00e0 en avoir pris connaissance.<\/span><\/label><\/span><\/span><\/span> <\/label><br \/>\n<label class=\"full-width\"> <input class=\"wpcf7-form-control wpcf7-submit has-spinner\" type=\"submit\" value=\"ENVOYER l\u2019offre d\u2019emploi\" \/> <\/label>\n\t<\/p>\n<\/div><input type=\"hidden\" id=\"ct_checkjs_cf7_c8c41c4a18675a74e01c8a20e8a0f662\" name=\"ct_checkjs_cf7\" value=\"0\" \/><script >setTimeout(function(){var ct_input_name = \"ct_checkjs_cf7_c8c41c4a18675a74e01c8a20e8a0f662\";if (document.getElementById(ct_input_name) !== null) {var ct_input_value = document.getElementById(ct_input_name).value;document.getElementById(ct_input_name).value = document.getElementById(ct_input_name).value.replace(ct_input_value, '399134028');}}, 1000);<\/script><input\n                    class=\"apbct_special_field apbct_email_id__wp_contact_form_7\"\n                    name=\"apbct__email_id__wp_contact_form_7\"\n                    aria-label=\"apbct__label_id__wp_contact_form_7\"\n                    type=\"text\" size=\"30\" maxlength=\"200\" autocomplete=\"off\"\n                    value=\"\"\n                \/><input type='hidden' class='wpcf7-pum' value='{\"closepopup\":false,\"closedelay\":0,\"openpopup\":false,\"openpopup_id\":0}' \/><div class=\"wpcf7-response-output\" aria-hidden=\"true\"><\/div>\n<input\n                    class=\"apbct_special_field apbct_email_id__elementor_form\"\n                    name=\"apbct__email_id__elementor_form\"\n                    aria-label=\"apbct__label_id__elementor_form\"\n                    type=\"text\" size=\"30\" maxlength=\"200\" autocomplete=\"off\"\n                    value=\"\"\n                \/><input type=\"hidden\" name=\"trp-form-language\" value=\"en\"\/><\/form>\n<\/div>\n<\/div>\n\t\t\t\t\t\t<\/div>\n\t\t\t\t<\/div>\n\t\t\t\t<\/div>\n\t\t\t\t\t<\/div>\n\t\t\t\t<\/div>\n\t\t\t\t<\/div>","protected":false},"excerpt":{"rendered":"<p>D\u00e9poser votre offre d\u2019alternance ou de stage Publiez vos offres d&#8217;alternance ou d&#8217;emploi exclusivement pour les talents d&#8217;Intuit Lab !\u2028Acc\u00e9dez [&hellip;]<\/p>\n","protected":false},"author":416,"featured_media":0,"parent":0,"menu_order":0,"comment_status":"closed","ping_status":"closed","template":"elementor_header_footer","meta":{"_acf_changed":false,"footnotes":""},"class_list":["post-99813","page","type-page","status-publish","hentry"],"acf":[],"yoast_head":"<!-- This site is optimized with the Yoast SEO plugin v27.3 - https:\/\/yoast.com\/product\/yoast-seo-wordpress\/ -->\n<title>D\u00e9poser une offre d&#039;alternance ou de stage - Ecole Intuit Lab DesigNXT<\/title>\n<meta name=\"description\" content=\"DesigNXT c\u2019est l\u2019opportunit\u00e9 de trouver l\u2019apprenti.e DA id\u00e9al.e qui rejoindra votre \u00e9quipe cr\u00e9ative.Cet \u00e9v\u00e9nement vous permettra de d\u00e9couvrir les r\u00e9alisations et les portfolio et de rencontrer chacun des 70 \u00e9tudiants pour s\u00e9lectionner le ou la DA junior en alternance dont vous avez besoin en septembre prochain.\" \/>\n<meta name=\"robots\" content=\"index, follow, max-snippet:-1, max-image-preview:large, max-video-preview:-1\" \/>\n<link rel=\"canonical\" href=\"https:\/\/designxt.ecole-intuit-lab.com\/en\/deposer-une-offre\/\" \/>\n<meta property=\"og:locale\" content=\"en_GB\" \/>\n<meta property=\"og:type\" content=\"article\" \/>\n<meta property=\"og:title\" content=\"D\u00e9poser une offre d&#039;alternance ou de stage - Ecole Intuit Lab DesigNXT\" \/>\n<meta property=\"og:description\" content=\"DesigNXT c\u2019est l\u2019opportunit\u00e9 de trouver l\u2019apprenti.e DA id\u00e9al.e qui rejoindra votre \u00e9quipe cr\u00e9ative.Cet \u00e9v\u00e9nement vous permettra de d\u00e9couvrir les r\u00e9alisations et les portfolio et de rencontrer chacun des 70 \u00e9tudiants pour s\u00e9lectionner le ou la DA junior en alternance dont vous avez besoin en septembre prochain.\" \/>\n<meta property=\"og:url\" content=\"https:\/\/designxt.ecole-intuit-lab.com\/en\/deposer-une-offre\/\" \/>\n<meta property=\"og:site_name\" content=\"Ecole Intuit Lab DesigNXT\" \/>\n<meta property=\"article:publisher\" content=\"https:\/\/www.facebook.com\/intuitlabparis\" \/>\n<meta property=\"article:modified_time\" content=\"2025-06-12T12:05:15+00:00\" \/>\n<meta property=\"og:image\" content=\"https:\/\/designxt.ecole-intuit-lab.com\/wp-content\/uploads\/2022\/06\/DesigNXT-WEB-bloc-logoDNXT-1.jpg\" \/>\n\t<meta property=\"og:image:width\" content=\"1080\" \/>\n\t<meta property=\"og:image:height\" content=\"1080\" \/>\n\t<meta property=\"og:image:type\" content=\"image\/jpeg\" \/>\n<meta name=\"twitter:card\" content=\"summary_large_image\" \/>\n<script type=\"application\/ld+json\" class=\"yoast-schema-graph\">{\"@context\":\"https:\\\/\\\/schema.org\",\"@graph\":[{\"@type\":\"WebPage\",\"@id\":\"https:\\\/\\\/designxt.ecole-intuit-lab.com\\\/deposer-une-offre\",\"url\":\"https:\\\/\\\/designxt.ecole-intuit-lab.com\\\/deposer-une-offre\",\"name\":\"D\u00e9poser une offre d'alternance ou de stage - Ecole Intuit Lab DesigNXT\",\"isPartOf\":{\"@id\":\"https:\\\/\\\/designxt.ecole-intuit-lab.com\\\/#website\"},\"datePublished\":\"2025-04-04T10:12:51+00:00\",\"dateModified\":\"2025-06-12T12:05:15+00:00\",\"description\":\"DesigNXT c\u2019est l\u2019opportunit\u00e9 de trouver l\u2019apprenti.e DA id\u00e9al.e qui rejoindra votre \u00e9quipe cr\u00e9ative.Cet \u00e9v\u00e9nement vous permettra de d\u00e9couvrir les r\u00e9alisations et les portfolio et de rencontrer chacun des 70 \u00e9tudiants pour s\u00e9lectionner le ou la DA junior en alternance dont vous avez besoin en septembre prochain.\",\"breadcrumb\":{\"@id\":\"https:\\\/\\\/designxt.ecole-intuit-lab.com\\\/deposer-une-offre#breadcrumb\"},\"inLanguage\":\"en-GB\",\"potentialAction\":[{\"@type\":\"ReadAction\",\"target\":[\"https:\\\/\\\/designxt.ecole-intuit-lab.com\\\/deposer-une-offre\"]}]},{\"@type\":\"BreadcrumbList\",\"@id\":\"https:\\\/\\\/designxt.ecole-intuit-lab.com\\\/deposer-une-offre#breadcrumb\",\"itemListElement\":[{\"@type\":\"ListItem\",\"position\":1,\"name\":\"Home\",\"item\":\"https:\\\/\\\/designxt.ecole-intuit-lab.com\\\/\"},{\"@type\":\"ListItem\",\"position\":2,\"name\":\"D\u00e9poser une offre d&#8217;alternance ou de stage\"}]},{\"@type\":\"WebSite\",\"@id\":\"https:\\\/\\\/designxt.ecole-intuit-lab.com\\\/#website\",\"url\":\"https:\\\/\\\/designxt.ecole-intuit-lab.com\\\/\",\"name\":\"Ecole Intuit Lab DesigNXT\",\"description\":\"7 &amp; 8 juin 22, rencontrez votre apprenti DA junior de l&#039;\u00e9cole intuit lab, speedcreative dating de 70 \u00e9tudiants en fin de Mast\u00e8re 1\",\"publisher\":{\"@id\":\"https:\\\/\\\/designxt.ecole-intuit-lab.com\\\/#organization\"},\"potentialAction\":[{\"@type\":\"SearchAction\",\"target\":{\"@type\":\"EntryPoint\",\"urlTemplate\":\"https:\\\/\\\/designxt.ecole-intuit-lab.com\\\/?s={search_term_string}\"},\"query-input\":{\"@type\":\"PropertyValueSpecification\",\"valueRequired\":true,\"valueName\":\"search_term_string\"}}],\"inLanguage\":\"en-GB\"},{\"@type\":\"Organization\",\"@id\":\"https:\\\/\\\/designxt.ecole-intuit-lab.com\\\/#organization\",\"name\":\"designxt ecole intuit lab\",\"url\":\"https:\\\/\\\/designxt.ecole-intuit-lab.com\\\/\",\"logo\":{\"@type\":\"ImageObject\",\"inLanguage\":\"en-GB\",\"@id\":\"https:\\\/\\\/designxt.ecole-intuit-lab.com\\\/#\\\/schema\\\/logo\\\/image\\\/\",\"url\":\"https:\\\/\\\/designxt.ecole-intuit-lab.com\\\/wp-content\\\/uploads\\\/2023\\\/06\\\/Fichier-6@4x.png\",\"contentUrl\":\"https:\\\/\\\/designxt.ecole-intuit-lab.com\\\/wp-content\\\/uploads\\\/2023\\\/06\\\/Fichier-6@4x.png\",\"width\":190,\"height\":190,\"caption\":\"designxt ecole intuit lab\"},\"image\":{\"@id\":\"https:\\\/\\\/designxt.ecole-intuit-lab.com\\\/#\\\/schema\\\/logo\\\/image\\\/\"},\"sameAs\":[\"https:\\\/\\\/www.facebook.com\\\/intuitlabparis\",\"https:\\\/\\\/www.instagram.com\\\/intuitlab.france\\\/\",\"https:\\\/\\\/www.youtube.com\\\/c\\\/coleIntuitLabFrance\"]}]}<\/script>\n<!-- \/ Yoast SEO plugin. -->","yoast_head_json":{"title":"D\u00e9poser une offre d'alternance ou de stage - Ecole Intuit Lab DesigNXT","description":"DesigNXT c\u2019est l\u2019opportunit\u00e9 de trouver l\u2019apprenti.e DA id\u00e9al.e qui rejoindra votre \u00e9quipe cr\u00e9ative.Cet \u00e9v\u00e9nement vous permettra de d\u00e9couvrir les r\u00e9alisations et les portfolio et de rencontrer chacun des 70 \u00e9tudiants pour s\u00e9lectionner le ou la DA junior en alternance dont vous avez besoin en septembre prochain.","robots":{"index":"index","follow":"follow","max-snippet":"max-snippet:-1","max-image-preview":"max-image-preview:large","max-video-preview":"max-video-preview:-1"},"canonical":"https:\/\/designxt.ecole-intuit-lab.com\/en\/deposer-une-offre\/","og_locale":"en_GB","og_type":"article","og_title":"D\u00e9poser une offre d'alternance ou de stage - Ecole Intuit Lab DesigNXT","og_description":"DesigNXT c\u2019est l\u2019opportunit\u00e9 de trouver l\u2019apprenti.e DA id\u00e9al.e qui rejoindra votre \u00e9quipe cr\u00e9ative.Cet \u00e9v\u00e9nement vous permettra de d\u00e9couvrir les r\u00e9alisations et les portfolio et de rencontrer chacun des 70 \u00e9tudiants pour s\u00e9lectionner le ou la DA junior en alternance dont vous avez besoin en septembre prochain.","og_url":"https:\/\/designxt.ecole-intuit-lab.com\/en\/deposer-une-offre\/","og_site_name":"Ecole Intuit Lab DesigNXT","article_publisher":"https:\/\/www.facebook.com\/intuitlabparis","article_modified_time":"2025-06-12T12:05:15+00:00","og_image":[{"width":1080,"height":1080,"url":"https:\/\/designxt.ecole-intuit-lab.com\/wp-content\/uploads\/2022\/06\/DesigNXT-WEB-bloc-logoDNXT-1.jpg","type":"image\/jpeg"}],"twitter_card":"summary_large_image","schema":{"@context":"https:\/\/schema.org","@graph":[{"@type":"WebPage","@id":"https:\/\/designxt.ecole-intuit-lab.com\/deposer-une-offre","url":"https:\/\/designxt.ecole-intuit-lab.com\/deposer-une-offre","name":"D\u00e9poser une offre d'alternance ou de stage - Ecole Intuit Lab DesigNXT","isPartOf":{"@id":"https:\/\/designxt.ecole-intuit-lab.com\/#website"},"datePublished":"2025-04-04T10:12:51+00:00","dateModified":"2025-06-12T12:05:15+00:00","description":"DesigNXT c\u2019est l\u2019opportunit\u00e9 de trouver l\u2019apprenti.e DA id\u00e9al.e qui rejoindra votre \u00e9quipe cr\u00e9ative.Cet \u00e9v\u00e9nement vous permettra de d\u00e9couvrir les r\u00e9alisations et les portfolio et de rencontrer chacun des 70 \u00e9tudiants pour s\u00e9lectionner le ou la DA junior en alternance dont vous avez besoin en septembre prochain.","breadcrumb":{"@id":"https:\/\/designxt.ecole-intuit-lab.com\/deposer-une-offre#breadcrumb"},"inLanguage":"en-GB","potentialAction":[{"@type":"ReadAction","target":["https:\/\/designxt.ecole-intuit-lab.com\/deposer-une-offre"]}]},{"@type":"BreadcrumbList","@id":"https:\/\/designxt.ecole-intuit-lab.com\/deposer-une-offre#breadcrumb","itemListElement":[{"@type":"ListItem","position":1,"name":"Home","item":"https:\/\/designxt.ecole-intuit-lab.com\/"},{"@type":"ListItem","position":2,"name":"D\u00e9poser une offre d&#8217;alternance ou de stage"}]},{"@type":"WebSite","@id":"https:\/\/designxt.ecole-intuit-lab.com\/#website","url":"https:\/\/designxt.ecole-intuit-lab.com\/","name":"Ecole Intuit Lab DesigNXT","description":"7 &amp; 8 juin 22, rencontrez votre apprenti DA junior de l&#039;\u00e9cole intuit lab, speedcreative dating de 70 \u00e9tudiants en fin de Mast\u00e8re 1","publisher":{"@id":"https:\/\/designxt.ecole-intuit-lab.com\/#organization"},"potentialAction":[{"@type":"SearchAction","target":{"@type":"EntryPoint","urlTemplate":"https:\/\/designxt.ecole-intuit-lab.com\/?s={search_term_string}"},"query-input":{"@type":"PropertyValueSpecification","valueRequired":true,"valueName":"search_term_string"}}],"inLanguage":"en-GB"},{"@type":"Organization","@id":"https:\/\/designxt.ecole-intuit-lab.com\/#organization","name":"designxt ecole intuit lab","url":"https:\/\/designxt.ecole-intuit-lab.com\/","logo":{"@type":"ImageObject","inLanguage":"en-GB","@id":"https:\/\/designxt.ecole-intuit-lab.com\/#\/schema\/logo\/image\/","url":"https:\/\/designxt.ecole-intuit-lab.com\/wp-content\/uploads\/2023\/06\/Fichier-6@4x.png","contentUrl":"https:\/\/designxt.ecole-intuit-lab.com\/wp-content\/uploads\/2023\/06\/Fichier-6@4x.png","width":190,"height":190,"caption":"designxt ecole intuit lab"},"image":{"@id":"https:\/\/designxt.ecole-intuit-lab.com\/#\/schema\/logo\/image\/"},"sameAs":["https:\/\/www.facebook.com\/intuitlabparis","https:\/\/www.instagram.com\/intuitlab.france\/","https:\/\/www.youtube.com\/c\/coleIntuitLabFrance"]}]}},"_links":{"self":[{"href":"https:\/\/designxt.ecole-intuit-lab.com\/en\/wp-json\/wp\/v2\/pages\/99813","targetHints":{"allow":["GET"]}}],"collection":[{"href":"https:\/\/designxt.ecole-intuit-lab.com\/en\/wp-json\/wp\/v2\/pages"}],"about":[{"href":"https:\/\/designxt.ecole-intuit-lab.com\/en\/wp-json\/wp\/v2\/types\/page"}],"author":[{"embeddable":true,"href":"https:\/\/designxt.ecole-intuit-lab.com\/en\/wp-json\/wp\/v2\/users\/416"}],"replies":[{"embeddable":true,"href":"https:\/\/designxt.ecole-intuit-lab.com\/en\/wp-json\/wp\/v2\/comments?post=99813"}],"version-history":[{"count":5,"href":"https:\/\/designxt.ecole-intuit-lab.com\/en\/wp-json\/wp\/v2\/pages\/99813\/revisions"}],"predecessor-version":[{"id":101697,"href":"https:\/\/designxt.ecole-intuit-lab.com\/en\/wp-json\/wp\/v2\/pages\/99813\/revisions\/101697"}],"wp:attachment":[{"href":"https:\/\/designxt.ecole-intuit-lab.com\/en\/wp-json\/wp\/v2\/media?parent=99813"}],"curies":[{"name":"wp","href":"https:\/\/api.w.org\/{rel}","templated":true}]}}